{"id":346,"date":"2023-09-22T18:14:48","date_gmt":"2023-09-22T16:14:48","guid":{"rendered":"http:\/\/freshfy.es\/?page_id=346"},"modified":"2024-07-29T14:03:07","modified_gmt":"2024-07-29T12:03:07","slug":"avocheese","status":"publish","type":"page","link":"https:\/\/freshfy.es\/fr\/produits\/avofromage\/","title":{"rendered":"Avofromage"},"content":{"rendered":"<section class=\"wpb-content-wrapper\"><p>[vc_row equal_height=\u00a0\u00bbyes\u00a0\u00bb content_placement=\u00a0\u00bbbottom\u00a0\u00bb el_class=\u00a0\u00bbpd-top-85,pd-bottom-95&Prime; css=\u00a0\u00bb.vc_custom_1695399770345{background: #f5fcf9 url(http:\/\/freshfy.es\/wp-content\/uploads\/2023\/09\/freshby-bg-productos.webp?id=354) !important;background-position: center !important;background-repeat: no-repeat !important;background-size: cover !important;}\u00a0\u00bb][vc_column el_class=\u00a0\u00bbcol-md-push-7,sm-mg-bottom-30&Prime; css_animation=\u00a0\u00bbright-to-left\u00a0\u00bb offset=\u00a0\u00bbvc_col-md-5&Prime;][gsf_heading title_font_size=\u00a0\u00bb36&Prime; icon_image=\u00a0\u00bb36&Prime; el_class=\u00a0\u00bbeHomeProductos01&Prime; title=\u00a0\u00bbAvofromage\u00a0\u00bb sub_title=\u00a0\u00bbPRODUITS\u00a0\u00bb description=\u00a0\u00bbProfitez de notre grande vari\u00e9t\u00e9 de guacamoles d&rsquo;origine naturelle, frais et \u00e0 95% d&rsquo;avocat.\u00a0\u00bb css=\u00a0\u00bb.vc_custom_1701433452057{margin-bottom: 30px !important;}\u00a0\u00bb][gsf_icon_box layout_style=\u00a0\u00bbib-left-middle\u00a0\u00bb title=\u00a0\u00bbINGR\u00c9DIENTS\u00a0\u00bb title_size=\u00a0\u00bbtitle-small\u00a0\u00bb title_below=\u00a0\u00bb\u00a0\u00bb description=\u00a0\u00bbGuacamole \u00e0 tartiner au ch\u00e8vre sans lactose, extra cr\u00e9meux. Ingr\u00e9dients:<br \/>\nHass Avocat (84%), Fromage de Ch\u00e8vre Affin\u00e9 Roul\u00e9 Sans lactose (8,5%), raisins secs, oignon, sel, antioxydant et acidifiant.\u00a0\u00bb icon_image=\u00a0\u00bb360&Prime; image_width=\u00a0\u00bb69px\u00a0\u00bb el_class=\u00a0\u00bbeProductosIconB\u00a0\u00bb css=\u00a0\u00bb.vc_custom_1695720585071{margin-bottom: 30px !important;}\u00a0\u00bb][gsf_icon_box layout_style=\u00a0\u00bbib-left-middle\u00a0\u00bb title=\u00a0\u00bbFORMATS DISPONIBLES\u00a0\u00bb title_size=\u00a0\u00bbtitle-small\u00a0\u00bb title_below=\u00a0\u00bb\u00a0\u00bb description=\u00a0\u00bbTous nos produits sont disponibles : en pot (500 g et 1 kg) et en sachet plastique sous vide (2kg et 3kg).\u00a0\u00bb icon_image=\u00a0\u00bb361&Prime; image_width=\u00a0\u00bb69px\u00a0\u00bb el_class=\u00a0\u00bbeProductosIconB\u00a0\u00bb css=\u00a0\u00bb.vc_custom_1695720574601{margin-bottom: 30px !important;}\u00a0\u00bb][gsf_icon_box layout_style=\u00a0\u00bbib-left-middle\u00a0\u00bb title=\u00a0\u00bbINFORMATION COMPL\u00c9MENTAIRE\u00a0\u00bb title_size=\u00a0\u00bbtitle-small\u00a0\u00bb title_below=\u00a0\u00bb\u00a0\u00bb description=\u00a0\u00bbSi vous souhaitez en savoir plus sur nous, n&rsquo;h\u00e9sitez pas \u00e0 nous contacter et \u00e0 nous suivre sur les r\u00e9seaux sociaux.\u00a0\u00bb icon_image=\u00a0\u00bb362&Prime; image_width=\u00a0\u00bb69px\u00a0\u00bb el_class=\u00a0\u00bbeProductosIconB\u00a0\u00bb css=\u00a0\u00bb.vc_custom_1695720561281{margin-bottom: 30px !important;}\u00a0\u00bb][\/vc_column][vc_column el_class=\u00a0\u00bbcol-md-pull-5&Prime; css_animation=\u00a0\u00bbleft-to-right\u00a0\u00bb offset=\u00a0\u00bbvc_col-md-7&Prime;][vc_single_image image=\u00a0\u00bb721&Prime; img_size=\u00a0\u00bbfull\u00a0\u00bb alignment=\u00a0\u00bbcenter\u00a0\u00bb css=\u00a0\u00bb.vc_custom_1722254582619{margin-bottom: 0px !important;}\u00a0\u00bb el_class=\u00a0\u00bbxl-mg-left-neg-190&Prime;][\/vc_column][\/vc_row][vc_row css=\u00a0\u00bb.vc_custom_1695415431262{margin-top: 80px !important;margin-bottom: 80px !important;}\u00a0\u00bb][vc_column][gsf_heading text_align=\u00a0\u00bbtext-center\u00a0\u00bb title_font_size=\u00a0\u00bb36&Prime; icon_image=\u00a0\u00bb36&Prime; el_class=\u00a0\u00bbeHomeTit01&Prime; title=\u00a0\u00bbD\u00c9COUvrEz LA GAMME\u00a0\u00bb sub_title=\u00a0\u00bbPRODUITS\u00a0\u00bb css=\u00a0\u00bb.vc_custom_1695412209052{margin-bottom: 30px !important;}\u00a0\u00bb][vc_row_inner][vc_column_inner width=\u00a0\u00bb1\/3&Prime;][gsf_icon_box title=\u00a0\u00bbGUACAMOLE\u00a0\u00bb title_below=\u00a0\u00bb\u00a0\u00bb icon_image=\u00a0\u00bb734&Prime; link=\u00a0\u00bburl:http%3A%2F%2Ffreshfy.es%2Fproductos%2Fguacamole%2F|title:Guacamole\u00a0\u00bb css_animation=\u00a0\u00bbbottom-to-top\u00a0\u00bb animation_duration=\u00a0\u00bb1s\u00a0\u00bb el_class=\u00a0\u00bbeProductosIconBox\u00a0\u00bb css=\u00a0\u00bb.vc_custom_1718878236612{margin-bottom: 30px !important;}\u00a0\u00bb][\/vc_column_inner][vc_column_inner width=\u00a0\u00bb1\/3&Prime;][gsf_icon_box title=\u00a0\u00bbGUACAMOLE \u00c9PIC\u00c9\u00a0\u00bb title_below=\u00a0\u00bb\u00a0\u00bb icon_image=\u00a0\u00bb732&Prime; link=\u00a0\u00bburl:http%3A%2F%2Ffreshfy.es%2Fproductos%2Fguacamole-picante%2F|title:Guacamole%20Picante\u00a0\u00bb css_animation=\u00a0\u00bbbottom-to-top\u00a0\u00bb animation_duration=\u00a0\u00bb1.75s\u00a0\u00bb el_class=\u00a0\u00bbeProductosIconBox\u00a0\u00bb css=\u00a0\u00bb.vc_custom_1720584657598{margin-bottom: 30px !important;}\u00a0\u00bb][\/vc_column_inner][vc_column_inner width=\u00a0\u00bb1\/3&Prime;][gsf_icon_box title=\u00a0\u00bbAVOCAT AU BASILIC ET LIN\u00a0\u00bb title_below=\u00a0\u00bb\u00a0\u00bb icon_image=\u00a0\u00bb728&Prime; link=\u00a0\u00bburl:https%3A%2F%2Ffreshfy.es%2Fproductos%2Faguacate-con-albahaca-y-semillas-de-lino%2F|title:Aguacate%20con%20Albahaca%20y%20semillas%20de%20lino\u00a0\u00bb css_animation=\u00a0\u00bbbottom-to-top\u00a0\u00bb animation_duration=\u00a0\u00bb2.5s\u00a0\u00bb el_class=\u00a0\u00bbeProductosIconBox\u00a0\u00bb css=\u00a0\u00bb.vc_custom_1720584675122{margin-bottom: 30px !important;}\u00a0\u00bb][\/vc_column_inner][\/vc_row_inner][\/vc_column][\/vc_row]<\/p>\n<\/section>","protected":false},"excerpt":{"rendered":"<p>[vc_row equal_height=\u00a0\u00bbyes\u00a0\u00bb content_placement=\u00a0\u00bbbottom\u00a0\u00bb el_class=\u00a0\u00bbpd-top-85,pd-bottom-95&Prime; css=\u00a0\u00bb.vc_custom_1695399770345{background: #f5fcf9 url(http:\/\/freshfy.es\/wp-content\/uploads\/2023\/09\/freshby-bg-productos.webp?id=354) !important;background-position: center !important;background-repeat: no-repeat !important;background-size: cover !important;}\u00a0\u00bb][vc_column el_class=\u00a0\u00bbcol-md-push-7,sm-mg-bottom-30&Prime; css_animation=\u00a0\u00bbright-to-left\u00a0\u00bb offset=\u00a0\u00bbvc_col-md-5&Prime;][gsf_heading title_font_size=\u00a0\u00bb36&Prime; icon_image=\u00a0\u00bb36&Prime; el_class=\u00a0\u00bbeHomeProductos01&Prime; title=\u00a0\u00bbAvofromage\u00a0\u00bb sub_title=\u00a0\u00bbPRODUITS\u00a0\u00bb description=\u00a0\u00bbProfitez de notre grande vari\u00e9t\u00e9 de guacamoles d&rsquo;origine naturelle, frais et \u00e0 95% d&rsquo;avocat.\u00a0\u00bb css=\u00a0\u00bb.vc_custom_1701433452057{margin-bottom: 30px !important;}\u00a0\u00bb][gsf_icon_box layout_style=\u00a0\u00bbib-left-middle\u00a0\u00bb title=\u00a0\u00bbINGR\u00c9DIENTS\u00a0\u00bb title_size=\u00a0\u00bbtitle-small\u00a0\u00bb title_below=\u00a0\u00bb\u00a0\u00bb description=\u00a0\u00bbGuacamole \u00e0 tartiner au ch\u00e8vre sans lactose, extra cr\u00e9meux. Ingr\u00e9dients: Hass Avocat [&hellip;]<\/p>\n","protected":false},"author":1,"featured_media":721,"parent":13,"menu_order":0,"comment_status":"closed","ping_status":"closed","template":"","meta":{"footnotes":""},"class_list":["post-346","page","type-page","status-publish","has-post-thumbnail","hentry"],"yoast_head":"<!-- This site is optimized with the Yoast SEO plugin v23.4 - https:\/\/yoast.com\/wordpress\/plugins\/seo\/ -->\n<title>Avofromage - Freshfy<\/title>\n<meta name=\"description\" content=\"Prueba ya nuestro guacamole Avocheese. Disfruta de nuestra amplia variedad de guacamoles de origen natural, frescos y con un 95% de aguacate.\" \/>\n<meta name=\"robots\" content=\"index, follow, max-snippet:-1, max-image-preview:large, max-video-preview:-1\" \/>\n<link rel=\"canonical\" href=\"https:\/\/freshfy.es\/productos\/avocheese\/\" \/>\n<meta property=\"og:locale\" content=\"fr_FR\" \/>\n<meta property=\"og:type\" content=\"article\" \/>\n<meta property=\"og:title\" content=\"[:es]Avocheese[:en]Avocheese[:fr]Avofromage[:] - Freshfy\" \/>\n<meta property=\"og:description\" content=\"Prueba ya nuestro guacamole Avocheese. Disfruta de nuestra amplia variedad de guacamoles de origen natural, frescos y con un 95% de aguacate.\" \/>\n<meta property=\"og:url\" content=\"https:\/\/freshfy.es\/productos\/avocheese\/\" \/>\n<meta property=\"og:site_name\" content=\"Freshfy\" \/>\n<meta property=\"article:modified_time\" content=\"2024-07-29T12:03:07+00:00\" \/>\n<meta property=\"og:image\" content=\"https:\/\/freshfy.es\/wp-content\/uploads\/2024\/06\/tarrina-de-guacamole-con-queso-de-cabra-freshfy-1024x683.png\" \/>\n\t<meta property=\"og:image:width\" content=\"1024\" \/>\n\t<meta property=\"og:image:height\" content=\"683\" \/>\n\t<meta property=\"og:image:type\" content=\"image\/png\" \/>\n<meta name=\"twitter:card\" content=\"summary_large_image\" \/>\n<meta name=\"twitter:label1\" content=\"Dur\u00e9e de lecture estim\u00e9e\" \/>\n\t<meta name=\"twitter:data1\" content=\"7 minutes\" \/>\n<script type=\"application\/ld+json\" class=\"yoast-schema-graph\">{\"@context\":\"https:\/\/schema.org\",\"@graph\":[{\"@type\":\"WebPage\",\"@id\":\"https:\/\/freshfy.es\/productos\/avocheese\/\",\"url\":\"https:\/\/freshfy.es\/productos\/avocheese\/\",\"name\":\"[:es]Avocheese[:en]Avocheese[:fr]Avofromage[:] - Freshfy\",\"isPartOf\":{\"@id\":\"https:\/\/freshfy.es\/#website\"},\"primaryImageOfPage\":{\"@id\":\"https:\/\/freshfy.es\/productos\/avocheese\/#primaryimage\"},\"image\":{\"@id\":\"https:\/\/freshfy.es\/productos\/avocheese\/#primaryimage\"},\"thumbnailUrl\":\"https:\/\/freshfy.es\/wp-content\/uploads\/2024\/06\/tarrina-de-guacamole-con-queso-de-cabra-freshfy.png\",\"datePublished\":\"2023-09-22T16:14:48+00:00\",\"dateModified\":\"2024-07-29T12:03:07+00:00\",\"description\":\"Prueba ya nuestro guacamole Avocheese. Disfruta de nuestra amplia variedad de guacamoles de origen natural, frescos y con un 95% de aguacate.\",\"breadcrumb\":{\"@id\":\"https:\/\/freshfy.es\/productos\/avocheese\/#breadcrumb\"},\"inLanguage\":\"fr-FR\",\"potentialAction\":[{\"@type\":\"ReadAction\",\"target\":[\"https:\/\/freshfy.es\/productos\/avocheese\/\"]}]},{\"@type\":\"ImageObject\",\"inLanguage\":\"fr-FR\",\"@id\":\"https:\/\/freshfy.es\/productos\/avocheese\/#primaryimage\",\"url\":\"https:\/\/freshfy.es\/wp-content\/uploads\/2024\/06\/tarrina-de-guacamole-con-queso-de-cabra-freshfy.png\",\"contentUrl\":\"https:\/\/freshfy.es\/wp-content\/uploads\/2024\/06\/tarrina-de-guacamole-con-queso-de-cabra-freshfy.png\",\"width\":4500,\"height\":3000,\"caption\":\"tarrina de guacamole con queso de cabra freshfy\"},{\"@type\":\"BreadcrumbList\",\"@id\":\"https:\/\/freshfy.es\/productos\/avocheese\/#breadcrumb\",\"itemListElement\":[{\"@type\":\"ListItem\",\"position\":1,\"name\":\"Portada\",\"item\":\"https:\/\/freshfy.es\/\"},{\"@type\":\"ListItem\",\"position\":2,\"name\":\"PRODUCTOS\",\"item\":\"https:\/\/freshfy.es\/productos\/\"},{\"@type\":\"ListItem\",\"position\":3,\"name\":\"Avocheese\"}]},{\"@type\":\"WebSite\",\"@id\":\"https:\/\/freshfy.es\/#website\",\"url\":\"https:\/\/freshfy.es\/\",\"name\":\"Freshfy\",\"description\":\"Guacamole de aguacates frescos\",\"potentialAction\":[{\"@type\":\"SearchAction\",\"target\":{\"@type\":\"EntryPoint\",\"urlTemplate\":\"https:\/\/freshfy.es\/?s={search_term_string}\"},\"query-input\":{\"@type\":\"PropertyValueSpecification\",\"valueRequired\":true,\"valueName\":\"search_term_string\"}}],\"inLanguage\":\"fr-FR\"}]}<\/script>\n<!-- \/ Yoast SEO plugin. -->","yoast_head_json":{"title":"[:es]Avocheese[:en]Avocheese[:fr]Avofromage[:] - Freshfy","description":"Prueba ya nuestro guacamole Avocheese. Disfruta de nuestra amplia variedad de guacamoles de origen natural, frescos y con un 95% de aguacate.","robots":{"index":"index","follow":"follow","max-snippet":"max-snippet:-1","max-image-preview":"max-image-preview:large","max-video-preview":"max-video-preview:-1"},"canonical":"https:\/\/freshfy.es\/productos\/avocheese\/","og_locale":"fr_FR","og_type":"article","og_title":"[:es]Avocheese[:en]Avocheese[:fr]Avofromage[:] - Freshfy","og_description":"Prueba ya nuestro guacamole Avocheese. Disfruta de nuestra amplia variedad de guacamoles de origen natural, frescos y con un 95% de aguacate.","og_url":"https:\/\/freshfy.es\/productos\/avocheese\/","og_site_name":"Freshfy","article_modified_time":"2024-07-29T12:03:07+00:00","og_image":[{"width":1024,"height":683,"url":"https:\/\/freshfy.es\/wp-content\/uploads\/2024\/06\/tarrina-de-guacamole-con-queso-de-cabra-freshfy-1024x683.png","type":"image\/png"}],"twitter_card":"summary_large_image","twitter_misc":{"Dur\u00e9e de lecture estim\u00e9e":"7 minutes"},"schema":{"@context":"https:\/\/schema.org","@graph":[{"@type":"WebPage","@id":"https:\/\/freshfy.es\/productos\/avocheese\/","url":"https:\/\/freshfy.es\/productos\/avocheese\/","name":"[:es]Avocheese[:en]Avocheese[:fr]Avofromage[:] - Freshfy","isPartOf":{"@id":"https:\/\/freshfy.es\/#website"},"primaryImageOfPage":{"@id":"https:\/\/freshfy.es\/productos\/avocheese\/#primaryimage"},"image":{"@id":"https:\/\/freshfy.es\/productos\/avocheese\/#primaryimage"},"thumbnailUrl":"https:\/\/freshfy.es\/wp-content\/uploads\/2024\/06\/tarrina-de-guacamole-con-queso-de-cabra-freshfy.png","datePublished":"2023-09-22T16:14:48+00:00","dateModified":"2024-07-29T12:03:07+00:00","description":"Prueba ya nuestro guacamole Avocheese. Disfruta de nuestra amplia variedad de guacamoles de origen natural, frescos y con un 95% de aguacate.","breadcrumb":{"@id":"https:\/\/freshfy.es\/productos\/avocheese\/#breadcrumb"},"inLanguage":"fr-FR","potentialAction":[{"@type":"ReadAction","target":["https:\/\/freshfy.es\/productos\/avocheese\/"]}]},{"@type":"ImageObject","inLanguage":"fr-FR","@id":"https:\/\/freshfy.es\/productos\/avocheese\/#primaryimage","url":"https:\/\/freshfy.es\/wp-content\/uploads\/2024\/06\/tarrina-de-guacamole-con-queso-de-cabra-freshfy.png","contentUrl":"https:\/\/freshfy.es\/wp-content\/uploads\/2024\/06\/tarrina-de-guacamole-con-queso-de-cabra-freshfy.png","width":4500,"height":3000,"caption":"tarrina de guacamole con queso de cabra freshfy"},{"@type":"BreadcrumbList","@id":"https:\/\/freshfy.es\/productos\/avocheese\/#breadcrumb","itemListElement":[{"@type":"ListItem","position":1,"name":"Portada","item":"https:\/\/freshfy.es\/"},{"@type":"ListItem","position":2,"name":"PRODUCTOS","item":"https:\/\/freshfy.es\/productos\/"},{"@type":"ListItem","position":3,"name":"Avocheese"}]},{"@type":"WebSite","@id":"https:\/\/freshfy.es\/#website","url":"https:\/\/freshfy.es\/","name":"Freshfy","description":"Guacamole de aguacates frescos","potentialAction":[{"@type":"SearchAction","target":{"@type":"EntryPoint","urlTemplate":"https:\/\/freshfy.es\/?s={search_term_string}"},"query-input":{"@type":"PropertyValueSpecification","valueRequired":true,"valueName":"search_term_string"}}],"inLanguage":"fr-FR"}]}},"_links":{"self":[{"href":"https:\/\/freshfy.es\/fr\/wp-json\/wp\/v2\/pages\/346","targetHints":{"allow":["GET"]}}],"collection":[{"href":"https:\/\/freshfy.es\/fr\/wp-json\/wp\/v2\/pages"}],"about":[{"href":"https:\/\/freshfy.es\/fr\/wp-json\/wp\/v2\/types\/page"}],"author":[{"embeddable":true,"href":"https:\/\/freshfy.es\/fr\/wp-json\/wp\/v2\/users\/1"}],"replies":[{"embeddable":true,"href":"https:\/\/freshfy.es\/fr\/wp-json\/wp\/v2\/comments?post=346"}],"version-history":[{"count":4,"href":"https:\/\/freshfy.es\/fr\/wp-json\/wp\/v2\/pages\/346\/revisions"}],"predecessor-version":[{"id":999,"href":"https:\/\/freshfy.es\/fr\/wp-json\/wp\/v2\/pages\/346\/revisions\/999"}],"up":[{"embeddable":true,"href":"https:\/\/freshfy.es\/fr\/wp-json\/wp\/v2\/pages\/13"}],"wp:featuredmedia":[{"embeddable":true,"href":"https:\/\/freshfy.es\/fr\/wp-json\/wp\/v2\/media\/721"}],"wp:attachment":[{"href":"https:\/\/freshfy.es\/fr\/wp-json\/wp\/v2\/media?parent=346"}],"curies":[{"name":"wp","href":"https:\/\/api.w.org\/{rel}","templated":true}]}}