{"id":344,"date":"2023-09-22T18:14:24","date_gmt":"2023-09-22T16:14:24","guid":{"rendered":"http:\/\/freshfy.es\/?page_id=344"},"modified":"2024-07-10T06:06:16","modified_gmt":"2024-07-10T04:06:16","slug":"guacamole-bio","status":"publish","type":"page","link":"https:\/\/freshfy.es\/fr\/produits\/avocat-avec-basilic-et-graines-de-lin\/","title":{"rendered":"Avocat avec basilic et graines de lin"},"content":{"rendered":"<section class=\"wpb-content-wrapper\"><p><\/p>\n<p>[vc_row equal_height=\u00a0\u00bbyes\u00a0\u00bb content_placement=\u00a0\u00bbbottom\u00a0\u00bb el_class=\u00a0\u00bbpd-top-85,pd-bottom-95&Prime; css=\u00a0\u00bb.vc_custom_1695399770345{background: #f5fcf9 url(http:\/\/freshfy.es\/wp-content\/uploads\/2023\/09\/freshby-bg-productos.webp?id=354) !important;background-position: center !important;background-repeat: no-repeat !important;background-size: cover !important;}\u00a0\u00bb][vc_column el_class=\u00a0\u00bbcol-md-push-7,sm-mg-bottom-30&Prime; css_animation=\u00a0\u00bbright-to-left\u00a0\u00bb offset=\u00a0\u00bbvc_col-md-5&Prime;][gsf_heading title_font_size=\u00a0\u00bb36&Prime; icon_image=\u00a0\u00bb36&Prime; el_class=\u00a0\u00bbeHomeProductos01&Prime; title=\u00a0\u00bbAvocat au basilic et graines de lin\u00a0\u00bb sub_title=\u00a0\u00bbPRODUITS\u00a0\u00bb description=\u00a0\u00bbProfitez de notre grande vari\u00e9t\u00e9 de guacamoles d&rsquo;origine naturelle, frais et \u00e0 95% d&rsquo;avocat.\u00a0\u00bb css=\u00a0\u00bb.vc_custom_1718877314540{margin-bottom: 30px !important;}\u00a0\u00bb][gsf_icon_box layout_style=\u00a0\u00bbib-left-middle\u00a0\u00bb title=\u00a0\u00bbINGR\u00c9DIENTS\u00a0\u00bb title_size=\u00a0\u00bbtitle-small\u00a0\u00bb title_below=\u00a0\u00bb\u00a0\u00bb description=\u00a0\u00bbGuacamole tartin\u00e9 d&rsquo;une l\u00e9g\u00e8re touche de basilic et de graines de lin. Ingr\u00e9dients : Hass Avocat (96%), basilic (1,7%), sel, lin dor\u00e9 (0,6%), sucre, antioxydant, poivre noir et acidulant.\u00a0\u00bb icon_image=\u00a0\u00bb360&Prime; image_width=\u00a0\u00bb69px\u00a0\u00bb el_class=\u00a0\u00bbeProductosIconB\u00a0\u00bb css=\u00a0\u00bb.vc_custom_1718877354233{margin-bottom: 30px !important;}\u00a0\u00bb][gsf_icon_box layout_style=\u00a0\u00bbib-left-middle\u00a0\u00bb title=\u00a0\u00bbFORMATS DISPONIBLES\u00a0\u00bb title_size=\u00a0\u00bbtitle-small\u00a0\u00bb title_below=\u00a0\u00bb\u00a0\u00bb description=\u00a0\u00bbTous nos produits sont disponibles : en pot (500 g et 1 kg) et en sachet plastique sous vide (2kg et 3kg).\u00a0\u00bb icon_image=\u00a0\u00bb361&Prime; image_width=\u00a0\u00bb69px\u00a0\u00bb el_class=\u00a0\u00bbeProductosIconB\u00a0\u00bb css=\u00a0\u00bb.vc_custom_1695720498393{margin-bottom: 30px !important;}\u00a0\u00bb][gsf_icon_box layout_style=\u00a0\u00bbib-left-middle\u00a0\u00bb title=\u00a0\u00bbINFORMATION COMPL\u00c9MENTAIRE\u00a0\u00bb title_size=\u00a0\u00bbtitle-small\u00a0\u00bb title_below=\u00a0\u00bb\u00a0\u00bb description=\u00a0\u00bbSi vous souhaitez en savoir plus sur nous, n&rsquo;h\u00e9sitez pas \u00e0 nous contacter et \u00e0 nous suivre sur les r\u00e9seaux sociaux.\u00a0\u00bb icon_image=\u00a0\u00bb362&Prime; image_width=\u00a0\u00bb69px\u00a0\u00bb el_class=\u00a0\u00bbeProductosIconB\u00a0\u00bb css=\u00a0\u00bb.vc_custom_1695720485890{margin-bottom: 30px !important;}\u00a0\u00bb][\/vc_column][vc_column el_class=\u00a0\u00bbcol-md-pull-5&Prime; css_animation=\u00a0\u00bbleft-to-right\u00a0\u00bb offset=\u00a0\u00bbvc_col-md-7&Prime;][vc_single_image image=\u00a0\u00bb728&Prime; img_size=\u00a0\u00bbfull\u00a0\u00bb alignment=\u00a0\u00bbcenter\u00a0\u00bb css=\u00a0\u00bb.vc_custom_1718877291933{margin-bottom: 0px !important;}\u00a0\u00bb el_class=\u00a0\u00bbxl-mg-left-neg-190&Prime;][\/vc_column][\/vc_row][vc_row css=\u00a0\u00bb.vc_custom_1695415431262{margin-top: 80px !important;margin-bottom: 80px !important;}\u00a0\u00bb][vc_column][gsf_heading text_align=\u00a0\u00bbtext-center\u00a0\u00bb title_font_size=\u00a0\u00bb36&Prime; icon_image=\u00a0\u00bb36&Prime; el_class=\u00a0\u00bbeHomeTit01&Prime; title=\u00a0\u00bbD\u00c9COUvrEz LA GAMME\u00a0\u00bb sub_title=\u00a0\u00bbPRODUITS\u00a0\u00bb css=\u00a0\u00bb.vc_custom_1695412209052{margin-bottom: 30px !important;}\u00a0\u00bb][vc_row_inner][vc_column_inner width=\u00a0\u00bb1\/3&Prime;][gsf_icon_box title=\u00a0\u00bbGUACAMOLE\u00a0\u00bb title_below=\u00a0\u00bb\u00a0\u00bb icon_image=\u00a0\u00bb734&Prime; link=\u00a0\u00bburl:http%3A%2F%2Ffreshfy.es%2Fproductos%2Fguacamole%2F|title:Guacamole\u00a0\u00bb css_animation=\u00a0\u00bbbottom-to-top\u00a0\u00bb animation_duration=\u00a0\u00bb1s\u00a0\u00bb el_class=\u00a0\u00bbeProductosIconBox\u00a0\u00bb css=\u00a0\u00bb.vc_custom_1718877589350{margin-bottom: 30px !important;}\u00a0\u00bb][\/vc_column_inner][vc_column_inner width=\u00a0\u00bb1\/3&Prime;][gsf_icon_box title=\u00a0\u00bbGUACAMOLE \u00c9PIC\u00c9\u00a0\u00bb title_below=\u00a0\u00bb\u00a0\u00bb icon_image=\u00a0\u00bb732&Prime; link=\u00a0\u00bburl:http%3A%2F%2Ffreshfy.es%2Fproductos%2Fguacamole-picante%2F|title:Guacamole%20Bio\u00a0\u00bb css_animation=\u00a0\u00bbbottom-to-top\u00a0\u00bb animation_duration=\u00a0\u00bb1.75s\u00a0\u00bb el_class=\u00a0\u00bbeProductosIconBox\u00a0\u00bb css=\u00a0\u00bb.vc_custom_1720584358544{margin-bottom: 30px !important;}\u00a0\u00bb][\/vc_column_inner][vc_column_inner width=\u00a0\u00bb1\/3&Prime;][gsf_icon_box title=\u00a0\u00bbAVOFROMAGE\u00a0\u00bb title_below=\u00a0\u00bb\u00a0\u00bb icon_image=\u00a0\u00bb721&Prime; link=\u00a0\u00bburl:http%3A%2F%2Ffreshfy.es%2Fproductos%2Favocheese%2F|title:Avocheese\u00a0\u00bb css_animation=\u00a0\u00bbbottom-to-top\u00a0\u00bb animation_duration=\u00a0\u00bb2.5s\u00a0\u00bb el_class=\u00a0\u00bbeProductosIconBox\u00a0\u00bb css=\u00a0\u00bb.vc_custom_1720584372816{margin-bottom: 30px !important;}\u00a0\u00bb][\/vc_column_inner][\/vc_row_inner][\/vc_column][\/vc_row]<\/p>\n<p><\/p>\n<\/section>","protected":false},"excerpt":{"rendered":"<p>[vc_row equal_height=\u00a0\u00bbyes\u00a0\u00bb content_placement=\u00a0\u00bbbottom\u00a0\u00bb el_class=\u00a0\u00bbpd-top-85,pd-bottom-95&Prime; css=\u00a0\u00bb.vc_custom_1695399770345{background: #f5fcf9 url(http:\/\/freshfy.es\/wp-content\/uploads\/2023\/09\/freshby-bg-productos.webp?id=354) !important;background-position: center !important;background-repeat: no-repeat !important;background-size: cover !important;}\u00a0\u00bb][vc_column el_class=\u00a0\u00bbcol-md-push-7,sm-mg-bottom-30&Prime; css_animation=\u00a0\u00bbright-to-left\u00a0\u00bb offset=\u00a0\u00bbvc_col-md-5&Prime;][gsf_heading title_font_size=\u00a0\u00bb36&Prime; icon_image=\u00a0\u00bb36&Prime; el_class=\u00a0\u00bbeHomeProductos01&Prime; title=\u00a0\u00bbAvocat au basilic et graines de lin\u00a0\u00bb sub_title=\u00a0\u00bbPRODUITS\u00a0\u00bb description=\u00a0\u00bbProfitez de notre grande vari\u00e9t\u00e9 de guacamoles d&rsquo;origine naturelle, frais et \u00e0 95% d&rsquo;avocat.\u00a0\u00bb css=\u00a0\u00bb.vc_custom_1718877314540{margin-bottom: 30px !important;}\u00a0\u00bb][gsf_icon_box layout_style=\u00a0\u00bbib-left-middle\u00a0\u00bb title=\u00a0\u00bbINGR\u00c9DIENTS\u00a0\u00bb title_size=\u00a0\u00bbtitle-small\u00a0\u00bb title_below=\u00a0\u00bb\u00a0\u00bb description=\u00a0\u00bbGuacamole tartin\u00e9 d&rsquo;une l\u00e9g\u00e8re touche de [&hellip;]<\/p>\n","protected":false},"author":1,"featured_media":122,"parent":13,"menu_order":0,"comment_status":"closed","ping_status":"closed","template":"","meta":{"footnotes":""},"class_list":["post-344","page","type-page","status-publish","has-post-thumbnail","hentry"],"yoast_head":"<!-- This site is optimized with the Yoast SEO plugin v23.4 - https:\/\/yoast.com\/wordpress\/plugins\/seo\/ -->\n<title>Avocat avec basilic et graines de lin - Freshfy<\/title>\n<meta name=\"description\" content=\"Prueba ya nuestro guacamole con albahaca y semillas de lino. Disfruta de nuestra amplia variedad de guacamoles de origen natural.\" \/>\n<meta name=\"robots\" content=\"index, follow, max-snippet:-1, max-image-preview:large, max-video-preview:-1\" \/>\n<link rel=\"canonical\" href=\"https:\/\/freshfy.es\/productos\/aguacate-con-albahaca-y-semillas-de-lino\/\" \/>\n<meta property=\"og:locale\" content=\"fr_FR\" \/>\n<meta property=\"og:type\" content=\"article\" \/>\n<meta property=\"og:title\" content=\"[:es]Aguacate con albahaca y semillas de lino[:en]Avocado with basil and flaxseed[:fr]Avocat avec basilic et graines de lin[:] - Freshfy\" \/>\n<meta property=\"og:description\" content=\"Prueba ya nuestro guacamole con albahaca y semillas de lino. Disfruta de nuestra amplia variedad de guacamoles de origen natural.\" \/>\n<meta property=\"og:url\" content=\"https:\/\/freshfy.es\/productos\/aguacate-con-albahaca-y-semillas-de-lino\/\" \/>\n<meta property=\"og:site_name\" content=\"Freshfy\" \/>\n<meta property=\"article:modified_time\" content=\"2024-07-10T04:06:16+00:00\" \/>\n<meta property=\"og:image\" content=\"https:\/\/freshfy.es\/wp-content\/uploads\/2023\/09\/freshby-home-producto-guacamole-bio.webp\" \/>\n\t<meta property=\"og:image:width\" content=\"474\" \/>\n\t<meta property=\"og:image:height\" content=\"579\" \/>\n\t<meta property=\"og:image:type\" content=\"image\/webp\" \/>\n<meta name=\"twitter:card\" content=\"summary_large_image\" \/>\n<meta name=\"twitter:label1\" content=\"Dur\u00e9e de lecture estim\u00e9e\" \/>\n\t<meta name=\"twitter:data1\" content=\"4 minutes\" \/>\n<script type=\"application\/ld+json\" class=\"yoast-schema-graph\">{\"@context\":\"https:\/\/schema.org\",\"@graph\":[{\"@type\":\"WebPage\",\"@id\":\"https:\/\/freshfy.es\/productos\/aguacate-con-albahaca-y-semillas-de-lino\/\",\"url\":\"https:\/\/freshfy.es\/productos\/aguacate-con-albahaca-y-semillas-de-lino\/\",\"name\":\"[:es]Aguacate con albahaca y semillas de lino[:en]Avocado with basil and flaxseed[:fr]Avocat avec basilic et graines de lin[:] - Freshfy\",\"isPartOf\":{\"@id\":\"https:\/\/freshfy.es\/#website\"},\"primaryImageOfPage\":{\"@id\":\"https:\/\/freshfy.es\/productos\/aguacate-con-albahaca-y-semillas-de-lino\/#primaryimage\"},\"image\":{\"@id\":\"https:\/\/freshfy.es\/productos\/aguacate-con-albahaca-y-semillas-de-lino\/#primaryimage\"},\"thumbnailUrl\":\"https:\/\/freshfy.es\/wp-content\/uploads\/2023\/09\/freshby-home-producto-guacamole-bio.webp\",\"datePublished\":\"2023-09-22T16:14:24+00:00\",\"dateModified\":\"2024-07-10T04:06:16+00:00\",\"description\":\"Prueba ya nuestro guacamole con albahaca y semillas de lino. Disfruta de nuestra amplia variedad de guacamoles de origen natural.\",\"breadcrumb\":{\"@id\":\"https:\/\/freshfy.es\/productos\/aguacate-con-albahaca-y-semillas-de-lino\/#breadcrumb\"},\"inLanguage\":\"fr-FR\",\"potentialAction\":[{\"@type\":\"ReadAction\",\"target\":[\"https:\/\/freshfy.es\/productos\/aguacate-con-albahaca-y-semillas-de-lino\/\"]}]},{\"@type\":\"ImageObject\",\"inLanguage\":\"fr-FR\",\"@id\":\"https:\/\/freshfy.es\/productos\/aguacate-con-albahaca-y-semillas-de-lino\/#primaryimage\",\"url\":\"https:\/\/freshfy.es\/wp-content\/uploads\/2023\/09\/freshby-home-producto-guacamole-bio.webp\",\"contentUrl\":\"https:\/\/freshfy.es\/wp-content\/uploads\/2023\/09\/freshby-home-producto-guacamole-bio.webp\",\"width\":474,\"height\":579,\"caption\":\"freshfy-home-producto-guacamole-bio\"},{\"@type\":\"BreadcrumbList\",\"@id\":\"https:\/\/freshfy.es\/productos\/aguacate-con-albahaca-y-semillas-de-lino\/#breadcrumb\",\"itemListElement\":[{\"@type\":\"ListItem\",\"position\":1,\"name\":\"Portada\",\"item\":\"https:\/\/freshfy.es\/\"},{\"@type\":\"ListItem\",\"position\":2,\"name\":\"PRODUCTOS\",\"item\":\"https:\/\/freshfy.es\/productos\/\"},{\"@type\":\"ListItem\",\"position\":3,\"name\":\"Aguacate con albahaca y semillas de lino\"}]},{\"@type\":\"WebSite\",\"@id\":\"https:\/\/freshfy.es\/#website\",\"url\":\"https:\/\/freshfy.es\/\",\"name\":\"Freshfy\",\"description\":\"Guacamole de aguacates frescos\",\"potentialAction\":[{\"@type\":\"SearchAction\",\"target\":{\"@type\":\"EntryPoint\",\"urlTemplate\":\"https:\/\/freshfy.es\/?s={search_term_string}\"},\"query-input\":{\"@type\":\"PropertyValueSpecification\",\"valueRequired\":true,\"valueName\":\"search_term_string\"}}],\"inLanguage\":\"fr-FR\"}]}<\/script>\n<!-- \/ Yoast SEO plugin. -->","yoast_head_json":{"title":"[:es]Aguacate con albahaca y semillas de lino[:en]Avocado with basil and flaxseed[:fr]Avocat avec basilic et graines de lin[:] - Freshfy","description":"Prueba ya nuestro guacamole con albahaca y semillas de lino. Disfruta de nuestra amplia variedad de guacamoles de origen natural.","robots":{"index":"index","follow":"follow","max-snippet":"max-snippet:-1","max-image-preview":"max-image-preview:large","max-video-preview":"max-video-preview:-1"},"canonical":"https:\/\/freshfy.es\/productos\/aguacate-con-albahaca-y-semillas-de-lino\/","og_locale":"fr_FR","og_type":"article","og_title":"[:es]Aguacate con albahaca y semillas de lino[:en]Avocado with basil and flaxseed[:fr]Avocat avec basilic et graines de lin[:] - Freshfy","og_description":"Prueba ya nuestro guacamole con albahaca y semillas de lino. Disfruta de nuestra amplia variedad de guacamoles de origen natural.","og_url":"https:\/\/freshfy.es\/productos\/aguacate-con-albahaca-y-semillas-de-lino\/","og_site_name":"Freshfy","article_modified_time":"2024-07-10T04:06:16+00:00","og_image":[{"width":474,"height":579,"url":"https:\/\/freshfy.es\/wp-content\/uploads\/2023\/09\/freshby-home-producto-guacamole-bio.webp","type":"image\/webp"}],"twitter_card":"summary_large_image","twitter_misc":{"Dur\u00e9e de lecture estim\u00e9e":"4 minutes"},"schema":{"@context":"https:\/\/schema.org","@graph":[{"@type":"WebPage","@id":"https:\/\/freshfy.es\/productos\/aguacate-con-albahaca-y-semillas-de-lino\/","url":"https:\/\/freshfy.es\/productos\/aguacate-con-albahaca-y-semillas-de-lino\/","name":"[:es]Aguacate con albahaca y semillas de lino[:en]Avocado with basil and flaxseed[:fr]Avocat avec basilic et graines de lin[:] - Freshfy","isPartOf":{"@id":"https:\/\/freshfy.es\/#website"},"primaryImageOfPage":{"@id":"https:\/\/freshfy.es\/productos\/aguacate-con-albahaca-y-semillas-de-lino\/#primaryimage"},"image":{"@id":"https:\/\/freshfy.es\/productos\/aguacate-con-albahaca-y-semillas-de-lino\/#primaryimage"},"thumbnailUrl":"https:\/\/freshfy.es\/wp-content\/uploads\/2023\/09\/freshby-home-producto-guacamole-bio.webp","datePublished":"2023-09-22T16:14:24+00:00","dateModified":"2024-07-10T04:06:16+00:00","description":"Prueba ya nuestro guacamole con albahaca y semillas de lino. Disfruta de nuestra amplia variedad de guacamoles de origen natural.","breadcrumb":{"@id":"https:\/\/freshfy.es\/productos\/aguacate-con-albahaca-y-semillas-de-lino\/#breadcrumb"},"inLanguage":"fr-FR","potentialAction":[{"@type":"ReadAction","target":["https:\/\/freshfy.es\/productos\/aguacate-con-albahaca-y-semillas-de-lino\/"]}]},{"@type":"ImageObject","inLanguage":"fr-FR","@id":"https:\/\/freshfy.es\/productos\/aguacate-con-albahaca-y-semillas-de-lino\/#primaryimage","url":"https:\/\/freshfy.es\/wp-content\/uploads\/2023\/09\/freshby-home-producto-guacamole-bio.webp","contentUrl":"https:\/\/freshfy.es\/wp-content\/uploads\/2023\/09\/freshby-home-producto-guacamole-bio.webp","width":474,"height":579,"caption":"freshfy-home-producto-guacamole-bio"},{"@type":"BreadcrumbList","@id":"https:\/\/freshfy.es\/productos\/aguacate-con-albahaca-y-semillas-de-lino\/#breadcrumb","itemListElement":[{"@type":"ListItem","position":1,"name":"Portada","item":"https:\/\/freshfy.es\/"},{"@type":"ListItem","position":2,"name":"PRODUCTOS","item":"https:\/\/freshfy.es\/productos\/"},{"@type":"ListItem","position":3,"name":"Aguacate con albahaca y semillas de lino"}]},{"@type":"WebSite","@id":"https:\/\/freshfy.es\/#website","url":"https:\/\/freshfy.es\/","name":"Freshfy","description":"Guacamole de aguacates frescos","potentialAction":[{"@type":"SearchAction","target":{"@type":"EntryPoint","urlTemplate":"https:\/\/freshfy.es\/?s={search_term_string}"},"query-input":{"@type":"PropertyValueSpecification","valueRequired":true,"valueName":"search_term_string"}}],"inLanguage":"fr-FR"}]}},"_links":{"self":[{"href":"https:\/\/freshfy.es\/fr\/wp-json\/wp\/v2\/pages\/344","targetHints":{"allow":["GET"]}}],"collection":[{"href":"https:\/\/freshfy.es\/fr\/wp-json\/wp\/v2\/pages"}],"about":[{"href":"https:\/\/freshfy.es\/fr\/wp-json\/wp\/v2\/types\/page"}],"author":[{"embeddable":true,"href":"https:\/\/freshfy.es\/fr\/wp-json\/wp\/v2\/users\/1"}],"replies":[{"embeddable":true,"href":"https:\/\/freshfy.es\/fr\/wp-json\/wp\/v2\/comments?post=344"}],"version-history":[{"count":4,"href":"https:\/\/freshfy.es\/fr\/wp-json\/wp\/v2\/pages\/344\/revisions"}],"predecessor-version":[{"id":885,"href":"https:\/\/freshfy.es\/fr\/wp-json\/wp\/v2\/pages\/344\/revisions\/885"}],"up":[{"embeddable":true,"href":"https:\/\/freshfy.es\/fr\/wp-json\/wp\/v2\/pages\/13"}],"wp:featuredmedia":[{"embeddable":true,"href":"https:\/\/freshfy.es\/fr\/wp-json\/wp\/v2\/media\/122"}],"wp:attachment":[{"href":"https:\/\/freshfy.es\/fr\/wp-json\/wp\/v2\/media?parent=344"}],"curies":[{"name":"wp","href":"https:\/\/api.w.org\/{rel}","templated":true}]}}