{"id":17,"date":"2023-09-17T05:00:17","date_gmt":"2023-09-17T03:00:17","guid":{"rendered":"http:\/\/freshfy.es\/?page_id=17"},"modified":"2024-07-10T05:24:04","modified_gmt":"2024-07-10T03:24:04","slug":"contacto","status":"publish","type":"page","link":"https:\/\/freshfy.es\/fr\/contact\/","title":{"rendered":"CONTACT"},"content":{"rendered":"<section class=\"wpb-content-wrapper\"><p>[vc_row][vc_column][gsf_space desktop=\u00a0\u00bb90&Prime; tablet=\u00a0\u00bb70&Prime; tablet_portrait=\u00a0\u00bb60&Prime; mobile_landscape=\u00a0\u00bb50&Prime; mobile=\u00a0\u00bb40&Prime;][\/vc_column][\/vc_row][vc_row][vc_column offset=\u00a0\u00bbvc_col-md-7&Prime;][vc_column_text]<iframe loading=\"lazy\" style=\"border: 0;\" src=\"https:\/\/www.google.com\/maps\/embed?pb=!1m18!1m12!1m3!1d3193.1783745747102!2d-4.127733222813122!3d36.838203865554284!2m3!1f0!2f0!3f0!3m2!1i1024!2i768!4f13.1!3m3!1m2!1s0xd724152644b524f%3A0x28fd2658c10d9bda!2sAxarfruit!5e0!3m2!1ses!2spe!4v1695831096524!5m2!1ses!2spe\" width=\"100%\" height=\"510\" allowfullscreen=\"allowfullscreen\"><\/iframe>[\/vc_column_text][\/vc_column][vc_column offset=\u00a0\u00bbvc_col-md-5&Prime;][gsf_space desktop=\u00a0\u00bb0&Prime; tablet=\u00a0\u00bb70&Prime; tablet_portrait=\u00a0\u00bb60&Prime; mobile_landscape=\u00a0\u00bb50&Prime; mobile=\u00a0\u00bb40&Prime;][gsf_heading title_font_size=\u00a0\u00bb36&Prime; icon_image=\u00a0\u00bb36&Prime; el_class=\u00a0\u00bbeHomeTit01&Prime; title=\u00a0\u00bbnous sommes dans\u00a0\u00bb sub_title=\u00a0\u00bbCONTACT\u00a0\u00bb description=\u00a0\u00bbEn Axarqu\u00eda, province de M\u00e1laga, une r\u00e9gion connue pour sa production de produits tropicaux et exotiques.\u00a0\u00bb css=\u00a0\u00bb.vc_custom_1695720889835{margin-bottom: 55px !important;}\u00a0\u00bb][vc_raw_html]JTNDZGl2JTIwY2xhc3MlM0QlMjJjb250YWN0LXVzLWluZm8lMjIlM0UlMEElMjAlMjAlMjAlMjAlM0NkaXYlMjBjbGFzcyUzRCUyMnJvdyUyMiUzRSUwQSUyMCUyMCUyMCUyMCUyMCUyMCUyMCUyMCUzQ2RpdiUyMGNsYXNzJTNEJTIyY29udGFjdC1pbmZvLWl0ZW0lMjBjb2wtc20tMTIlMjBtZy1ib3R0b20tNDAlMjIlM0UlMEElMjAlMjAlMjAlMjAlMjAlMjAlMjAlMjAlMjAlMjAlMjAlMjAlM0NpJTIwY2xhc3MlM0QlMjJmYSUyMGZhLW1hcC1tYXJrZXIlMjIlM0UlM0MlMkZpJTNFJTBBJTIwJTIwJTIwJTIwJTIwJTIwJTIwJTIwJTIwJTIwJTIwJTIwJTNDZGl2JTIwY2xhc3MlM0QlMjJjb250YWN0LWl0ZW0tY29udGVudCUyMiUzRSUwQSUyMCUyMCUyMCUyMCUyMCUyMCUyMCUyMCUyMCUyMCUyMCUyMCUyMCUyMCUyMCUyMCUzQ2g0JTNFQURSRVNTRSUzQyUyRmg0JTNFJTBBJTIwJTIwJTIwJTIwJTIwJTIwJTIwJTIwJTIwJTIwJTIwJTIwJTIwJTIwJTIwJTIwJTNDcCUyMGNsYXNzJTNEJTIyZnMtMTYlMjIlM0VQdWVudGUlMjBBbHRhJTJDJTIwcyUyRm4lMkMlMjBMYSUyMFZpJUMzJUIxdWVsYS4lMEElMjAlMjAlMjAlMjAlMjAlMjAlMjAlMjAlMjAlMjAlMjAlMjAlMjAlMjAlMjAlMjAlMjAlMjAlMjAlMjAlM0NiciUzRTI5NzEyJTJDJTIwTSVDMyVBMWxhZ2ElM0MlMkZwJTNFJTBBJTIwJTIwJTIwJTIwJTIwJTIwJTIwJTIwJTIwJTIwJTIwJTIwJTNDJTJGZGl2JTNFJTBBJTIwJTIwJTIwJTIwJTIwJTIwJTIwJTIwJTNDJTJGZGl2JTNFJTBBJTIwJTIwJTIwJTIwJTIwJTIwJTIwJTIwJTNDZGl2JTIwY2xhc3MlM0QlMjJjb250YWN0LWluZm8taXRlbSUyMGNvbC1zbS0xMiUyMG1nLWJvdHRvbS00MCUyMiUzRSUwQSUyMCUyMCUyMCUyMCUyMCUyMCUyMCUyMCUyMCUyMCUyMCUyMCUzQ2klMjBjbGFzcyUzRCUyMmZhJTIwZmEtcGhvbmUlMjIlM0UlM0MlMkZpJTNFJTBBJTIwJTIwJTIwJTIwJTIwJTIwJTIwJTIwJTIwJTIwJTIwJTIwJTNDZGl2JTIwY2xhc3MlM0QlMjJjb250YWN0LWl0ZW0tY29udGVudCUyMiUzRSUwQSUyMCUyMCUyMCUyMCUyMCUyMCUyMCUyMCUyMCUyMCUyMCUyMCUyMCUyMCUyMCUyMCUzQ2g0JTNFVCVDMyU4OUwlQzMlODlQSE9ORSUzQyUyRmg0JTNFJTBBJTIwJTIwJTIwJTIwJTIwJTIwJTIwJTIwJTIwJTIwJTIwJTIwJTIwJTIwJTIwJTIwJTNDcCUyMGNsYXNzJTNEJTIyZnMtMTYlMjIlM0UlMkIzNCUyMDk1MiUyMDU0OSUyMDU2MiUzQyUyRnAlM0UlMEElMjAlMjAlMjAlMjAlMjAlMjAlMjAlMjAlMjAlMjAlMjAlMjAlM0MlMkZkaXYlM0UlMEElMjAlMjAlMjAlMjAlMjAlMjAlMjAlMjAlM0MlMkZkaXYlM0UlMEElMjAlMjAlMjAlMjAlMjAlMjAlMjAlMjAlM0NkaXYlMjBjbGFzcyUzRCUyMmNvbnRhY3QtaW5mby1pdGVtJTIwY29sLXNtLTEyJTIwbWctYm90dG9tLTQwJTIyJTNFJTBBJTIwJTIwJTIwJTIwJTIwJTIwJTIwJTIwJTIwJTIwJTIwJTIwJTNDaSUyMGNsYXNzJTNEJTIyZmElMjBmYS1lbnZlbG9wZS1vJTIyJTNFJTNDJTJGaSUzRSUwQSUyMCUyMCUyMCUyMCUyMCUyMCUyMCUyMCUyMCUyMCUyMCUyMCUzQ2RpdiUyMGNsYXNzJTNEJTIyY29udGFjdC1pdGVtLWNvbnRlbnQlMjIlM0UlMEElMjAlMjAlMjAlMjAlMjAlMjAlMjAlMjAlMjAlMjAlMjAlMjAlMjAlMjAlMjAlMjAlM0NoNCUzRUVNQUlMJTIwRFUlMjBDT05UQUNUJTNDJTJGaDQlM0UlMEElMjAlMjAlMjAlMjAlMjAlMjAlMjAlMjAlMjAlMjAlMjAlMjAlMjAlMjAlMjAlMjAlM0NwJTIwY2xhc3MlM0QlMjJmcy0xNiUyMiUzRSUwQSUyMCUyMCUyMCUyMCUyMCUyMCUyMCUyMCUyMCUyMCUyMCUyMCUyMCUyMCUyMCUyMCUyMCUyMCUyMCUyMCUzQ2ElMjBocmVmJTNEJTIybWFpbHRvJTNBaW5mbyU0MGF4YXJmcnVpdC5lcyUyMiUzRWluZm8lNDBheGFyZnJ1aXQuZXMlM0MlMkZhJTNFJTBBJTIwJTIwJTIwJTIwJTIwJTIwJTIwJTIwJTIwJTIwJTIwJTIwJTIwJTIwJTIwJTIwJTNDJTJGcCUzRSUwQSUyMCUyMCUyMCUyMCUyMCUyMCUyMCUyMCUyMCUyMCUyMCUyMCUzQyUyRmRpdiUzRSUwQSUyMCUyMCUyMCUyMCUyMCUyMCUyMCUyMCUzQyUyRmRpdiUzRSUwQSUyMCUyMCUyMCUyMCUzQyUyRmRpdiUzRSUwQSUzQyUyRmRpdiUzRQ==[\/vc_raw_html][\/vc_column][\/vc_row][vc_row css=\u00a0\u00bb.vc_custom_1695338041362{background-image: url(http:\/\/freshfy.es\/wp-content\/uploads\/2023\/09\/freshby-bg-contacto.webp?id=296) !important;background-position: center !important;background-repeat: no-repeat !important;background-size: cover !important;}\u00a0\u00bb][vc_column width=\u00a0\u00bb2\/3&Prime; css=\u00a0\u00bb.vc_custom_1501657659103{border-top-width: 1px !important;border-top-color: #e5e6ec !important;}\u00a0\u00bb offset=\u00a0\u00bbvc_col-sm-offset-2&Prime;][gsf_space desktop=\u00a0\u00bb90&Prime; tablet=\u00a0\u00bb70&Prime; tablet_portrait=\u00a0\u00bb60&Prime; mobile_landscape=\u00a0\u00bb50&Prime; mobile=\u00a0\u00bb40&Prime;][gsf_heading text_align=\u00a0\u00bbtext-center\u00a0\u00bb title_font_size=\u00a0\u00bb36&Prime; icon_image=\u00a0\u00bb36&Prime; el_class=\u00a0\u00bbeHomeTit01&Prime; title=\u00a0\u00bbentrer en contact\u00a0\u00bb sub_title=\u00a0\u00bbFORMULAIRE\u00a0\u00bb css=\u00a0\u00bb.vc_custom_1720581663393{margin-bottom: 55px !important;}\u00a0\u00bb][vc_column_text el_class=\u00a0\u00bb\u00a0\u00bb]<\/p>\n<p style=\"text-align: center;\">Pour toute question ou suggestion, vous pouvez nous <a href=\"https:\/\/freshfy.es\/fr\/contact\/\">contacter<\/a> par les diff\u00e9rents moyens de communication que nous vous proposons ci-dessous. Ou venez \u00e0 nos <a href=\"https:\/\/maps.app.goo.gl\/3qyfYStfuDeHe75r5\">bureaux<\/a>!<\/p>\n<p>[\/vc_column_text]\n<div class=\"wpcf7 no-js\" id=\"wpcf7-f8-o3\" lang=\"es-ES\" dir=\"ltr\">\n<div class=\"screen-reader-response\"><p role=\"status\" aria-live=\"polite\" aria-atomic=\"true\"><\/p> <ul><\/ul><\/div>\n<form action=\"\/fr\/wp-json\/wp\/v2\/pages\/17#wpcf7-f8-o3\" method=\"post\" class=\"wpcf7-form init\" aria-label=\"Formulario de contacto\" novalidate=\"novalidate\" data-status=\"init\">\n<div style=\"display: none;\">\n<input type=\"hidden\" name=\"_wpcf7\" value=\"8\" \/>\n<input type=\"hidden\" name=\"_wpcf7_version\" value=\"5.9.8\" \/>\n<input type=\"hidden\" name=\"_wpcf7_locale\" value=\"es_ES\" \/>\n<input type=\"hidden\" name=\"_wpcf7_unit_tag\" value=\"wpcf7-f8-o3\" \/>\n<input type=\"hidden\" name=\"_wpcf7_container_post\" value=\"0\" \/>\n<input type=\"hidden\" name=\"_wpcf7_posted_data_hash\" value=\"\" \/>\n<\/div>\n<div class=\"g5plus-contact-form column-2 clearfix ebtn01\">\n\t<div class=\"row\">\n\t\t<div class=\"ct-field ct-name col-sm-6 pd-bottom-20\">\n\t\t\t<p><span class=\"wpcf7-form-control-wrap\" data-name=\"your-name\"><input size=\"40\" maxlength=\"400\" class=\"wpcf7-form-control wpcf7-text wpcf7-validates-as-required\" aria-required=\"true\" aria-invalid=\"false\" placeholder=\"Ton nom\" value=\"\" type=\"text\" name=\"your-name\" \/><\/span>\n\t\t\t<\/p>\n\t\t<\/div>\n\t\t<div class=\"ct-field ct-email col-sm-6 pd-bottom-20\">\n\t\t\t<p><span class=\"wpcf7-form-control-wrap\" data-name=\"your-email\"><input size=\"40\" maxlength=\"400\" class=\"wpcf7-form-control wpcf7-email wpcf7-validates-as-required wpcf7-text wpcf7-validates-as-email\" aria-required=\"true\" aria-invalid=\"false\" placeholder=\"Ton email\" value=\"\" type=\"email\" name=\"your-email\" \/><\/span>\n\t\t\t<\/p>\n\t\t<\/div>\n\t\t<div class=\"ct-field ct-phone col-sm-6 pd-bottom-20\">\n\t\t\t<p><span class=\"wpcf7-form-control-wrap\" data-name=\"your-phone\"><input size=\"40\" maxlength=\"400\" class=\"wpcf7-form-control wpcf7-tel wpcf7-validates-as-required wpcf7-text wpcf7-validates-as-tel\" aria-required=\"true\" aria-invalid=\"false\" placeholder=\"T\u00e9l\u00e9phone\" value=\"\" type=\"tel\" name=\"your-phone\" \/><\/span>\n\t\t\t<\/p>\n\t\t<\/div>\n\t\t<div class=\"ct-field ct-subject col-sm-6 pd-bottom-20\">\n\t\t\t<p><span class=\"wpcf7-form-control-wrap\" data-name=\"your-subject\"><input size=\"40\" maxlength=\"400\" class=\"wpcf7-form-control wpcf7-text wpcf7-validates-as-required\" aria-required=\"true\" aria-invalid=\"false\" placeholder=\"Objet\" value=\"\" type=\"text\" name=\"your-subject\" \/><\/span>\n\t\t\t<\/p>\n\t\t<\/div>\n\t\t<div class=\"ct-field ct-message col-sm-12 pd-bottom-20\">\n\t\t\t<p><span class=\"wpcf7-form-control-wrap\" data-name=\"your-message\"><textarea cols=\"40\" rows=\"10\" maxlength=\"2000\" class=\"wpcf7-form-control wpcf7-textarea wpcf7-validates-as-required\" aria-required=\"true\" aria-invalid=\"false\" placeholder=\"Message\" name=\"your-message\"><\/textarea><\/span>\n\t\t\t<\/p>\n\t\t<\/div>\n\t\t<div class=\"ct-field ct-submit col-sm-12\">\n\t\t\t<p><input class=\"wpcf7-form-control wpcf7-submit has-spinner btn btn-primary btn-sm\" type=\"submit\" value=\"ENVOYER\" \/>\n\t\t\t<\/p>\n\t\t<\/div>\n\t<\/div>\n<\/div><input type='hidden' class='wpcf7-pum' value='{\"closepopup\":false,\"closedelay\":0,\"openpopup\":false,\"openpopup_id\":0}' \/><div class=\"wpcf7-response-output\" aria-hidden=\"true\"><\/div>\n<\/form>\n<\/div>\n[gsf_space desktop=\u00a0\u00bb90&Prime; tablet=\u00a0\u00bb70&Prime; tablet_portrait=\u00a0\u00bb60&Prime; mobile_landscape=\u00a0\u00bb50&Prime; mobile=\u00a0\u00bb40&Prime;][\/vc_column][\/vc_row]<\/p>\n<\/section>","protected":false},"excerpt":{"rendered":"<p>[vc_row][vc_column][gsf_space desktop=\u00a0\u00bb90&Prime; tablet=\u00a0\u00bb70&Prime; tablet_portrait=\u00a0\u00bb60&Prime; mobile_landscape=\u00a0\u00bb50&Prime; mobile=\u00a0\u00bb40&Prime;][\/vc_column][\/vc_row][vc_row][vc_column offset=\u00a0\u00bbvc_col-md-7&Prime;][vc_column_text][\/vc_column_text][\/vc_column][vc_column offset=\u00a0\u00bbvc_col-md-5&Prime;][gsf_space desktop=\u00a0\u00bb0&Prime; tablet=\u00a0\u00bb70&Prime; tablet_portrait=\u00a0\u00bb60&Prime; mobile_landscape=\u00a0\u00bb50&Prime; mobile=\u00a0\u00bb40&Prime;][gsf_heading title_font_size=\u00a0\u00bb36&Prime; icon_image=\u00a0\u00bb36&Prime; el_class=\u00a0\u00bbeHomeTit01&Prime; title=\u00a0\u00bbnous sommes dans\u00a0\u00bb sub_title=\u00a0\u00bbCONTACT\u00a0\u00bb description=\u00a0\u00bbEn Axarqu\u00eda, province de M\u00e1laga, une r\u00e9gion connue pour sa production de produits tropicaux et exotiques.\u00a0\u00bb css=\u00a0\u00bb.vc_custom_1695720889835{margin-bottom: 55px !important;}\u00a0\u00bb][vc_raw_html]JTNDZGl2JTIwY2xhc3MlM0QlMjJjb250YWN0LXVzLWluZm8lMjIlM0UlMEElMjAlMjAlMjAlMjAlM0NkaXYlMjBjbGFzcyUzRCUyMnJvdyUyMiUzRSUwQSUyMCUyMCUyMCUyMCUyMCUyMCUyMCUyMCUzQ2RpdiUyMGNsYXNzJTNEJTIyY29udGFjdC1pbmZvLWl0ZW0lMjBjb2wtc20tMTIlMjBtZy1ib3R0b20tNDAlMjIlM0UlMEElMjAlMjAlMjAlMjAlMjAlMjAlMjAlMjAlMjAlMjAlMjAlMjAlM0NpJTIwY2xhc3MlM0QlMjJmYSUyMGZhLW1hcC1tYXJrZXIlMjIlM0UlM0MlMkZpJTNFJTBBJTIwJTIwJTIwJTIwJTIwJTIwJTIwJTIwJTIwJTIwJTIwJTIwJTNDZGl2JTIwY2xhc3MlM0QlMjJjb250YWN0LWl0ZW0tY29udGVudCUyMiUzRSUwQSUyMCUyMCUyMCUyMCUyMCUyMCUyMCUyMCUyMCUyMCUyMCUyMCUyMCUyMCUyMCUyMCUzQ2g0JTNFQURSRVNTRSUzQyUyRmg0JTNFJTBBJTIwJTIwJTIwJTIwJTIwJTIwJTIwJTIwJTIwJTIwJTIwJTIwJTIwJTIwJTIwJTIwJTNDcCUyMGNsYXNzJTNEJTIyZnMtMTYlMjIlM0VQdWVudGUlMjBBbHRhJTJDJTIwcyUyRm4lMkMlMjBMYSUyMFZpJUMzJUIxdWVsYS4lMEElMjAlMjAlMjAlMjAlMjAlMjAlMjAlMjAlMjAlMjAlMjAlMjAlMjAlMjAlMjAlMjAlMjAlMjAlMjAlMjAlM0NiciUzRTI5NzEyJTJDJTIwTSVDMyVBMWxhZ2ElM0MlMkZwJTNFJTBBJTIwJTIwJTIwJTIwJTIwJTIwJTIwJTIwJTIwJTIwJTIwJTIwJTNDJTJGZGl2JTNFJTBBJTIwJTIwJTIwJTIwJTIwJTIwJTIwJTIwJTNDJTJGZGl2JTNFJTBBJTIwJTIwJTIwJTIwJTIwJTIwJTIwJTIwJTNDZGl2JTIwY2xhc3MlM0QlMjJjb250YWN0LWluZm8taXRlbSUyMGNvbC1zbS0xMiUyMG1nLWJvdHRvbS00MCUyMiUzRSUwQSUyMCUyMCUyMCUyMCUyMCUyMCUyMCUyMCUyMCUyMCUyMCUyMCUzQ2klMjBjbGFzcyUzRCUyMmZhJTIwZmEtcGhvbmUlMjIlM0UlM0MlMkZpJTNFJTBBJTIwJTIwJTIwJTIwJTIwJTIwJTIwJTIwJTIwJTIwJTIwJTIwJTNDZGl2JTIwY2xhc3MlM0QlMjJjb250YWN0LWl0ZW0tY29udGVudCUyMiUzRSUwQSUyMCUyMCUyMCUyMCUyMCUyMCUyMCUyMCUyMCUyMCUyMCUyMCUyMCUyMCUyMCUyMCUzQ2g0JTNFVCVDMyU4OUwlQzMlODlQSE9ORSUzQyUyRmg0JTNFJTBBJTIwJTIwJTIwJTIwJTIwJTIwJTIwJTIwJTIwJTIwJTIwJTIwJTIwJTIwJTIwJTIwJTNDcCUyMGNsYXNzJTNEJTIyZnMtMTYlMjIlM0UlMkIzNCUyMDk1MiUyMDU0OSUyMDU2MiUzQyUyRnAlM0UlMEElMjAlMjAlMjAlMjAlMjAlMjAlMjAlMjAlMjAlMjAlMjAlMjAlM0MlMkZkaXYlM0UlMEElMjAlMjAlMjAlMjAlMjAlMjAlMjAlMjAlM0MlMkZkaXYlM0UlMEElMjAlMjAlMjAlMjAlMjAlMjAlMjAlMjAlM0NkaXYlMjBjbGFzcyUzRCUyMmNvbnRhY3QtaW5mby1pdGVtJTIwY29sLXNtLTEyJTIwbWctYm90dG9tLTQwJTIyJTNFJTBBJTIwJTIwJTIwJTIwJTIwJTIwJTIwJTIwJTIwJTIwJTIwJTIwJTNDaSUyMGNsYXNzJTNEJTIyZmElMjBmYS1lbnZlbG9wZS1vJTIyJTNFJTNDJTJGaSUzRSUwQSUyMCUyMCUyMCUyMCUyMCUyMCUyMCUyMCUyMCUyMCUyMCUyMCUzQ2RpdiUyMGNsYXNzJTNEJTIyY29udGFjdC1pdGVtLWNvbnRlbnQlMjIlM0UlMEElMjAlMjAlMjAlMjAlMjAlMjAlMjAlMjAlMjAlMjAlMjAlMjAlMjAlMjAlMjAlMjAlM0NoNCUzRUVNQUlMJTIwRFUlMjBDT05UQUNUJTNDJTJGaDQlM0UlMEElMjAlMjAlMjAlMjAlMjAlMjAlMjAlMjAlMjAlMjAlMjAlMjAlMjAlMjAlMjAlMjAlM0NwJTIwY2xhc3MlM0QlMjJmcy0xNiUyMiUzRSUwQSUyMCUyMCUyMCUyMCUyMCUyMCUyMCUyMCUyMCUyMCUyMCUyMCUyMCUyMCUyMCUyMCUyMCUyMCUyMCUyMCUzQ2ElMjBocmVmJTNEJTIybWFpbHRvJTNBaW5mbyU0MGF4YXJmcnVpdC5lcyUyMiUzRWluZm8lNDBheGFyZnJ1aXQuZXMlM0MlMkZhJTNFJTBBJTIwJTIwJTIwJTIwJTIwJTIwJTIwJTIwJTIwJTIwJTIwJTIwJTIwJTIwJTIwJTIwJTNDJTJGcCUzRSUwQSUyMCUyMCUyMCUyMCUyMCUyMCUyMCUyMCUyMCUyMCUyMCUyMCUzQyUyRmRpdiUzRSUwQSUyMCUyMCUyMCUyMCUyMCUyMCUyMCUyMCUzQyUyRmRpdiUzRSUwQSUyMCUyMCUyMCUyMCUzQyUyRmRpdiUzRSUwQSUzQyUyRmRpdiUzRQ==[\/vc_raw_html][\/vc_column][\/vc_row][vc_row css=\u00a0\u00bb.vc_custom_1695338041362{background-image: url(http:\/\/freshfy.es\/wp-content\/uploads\/2023\/09\/freshby-bg-contacto.webp?id=296) !important;background-position: center !important;background-repeat: no-repeat !important;background-size: cover !important;}\u00a0\u00bb][vc_column width=\u00a0\u00bb2\/3&Prime; css=\u00a0\u00bb.vc_custom_1501657659103{border-top-width: 1px !important;border-top-color: #e5e6ec !important;}\u00a0\u00bb offset=\u00a0\u00bbvc_col-sm-offset-2&Prime;][gsf_space [&hellip;]<\/p>\n","protected":false},"author":1,"featured_media":519,"parent":0,"menu_order":0,"comment_status":"closed","ping_status":"closed","template":"","meta":{"footnotes":""},"class_list":["post-17","page","type-page","status-publish","has-post-thumbnail","hentry"],"yoast_head":"<!-- This site is optimized with the Yoast SEO plugin v23.4 - https:\/\/yoast.com\/wordpress\/plugins\/seo\/ -->\n<title>Contacto - Freshfy<\/title>\n<meta name=\"description\" content=\"Contacto con Freshfy. Nos encontramos en Axarqu\u00eda, M\u00e1laga, una ubicaci\u00f3n que se destaca por la producci\u00f3n de productos tropicales y ex\u00f3ticos.\" \/>\n<meta name=\"robots\" content=\"index, follow, max-snippet:-1, max-image-preview:large, max-video-preview:-1\" \/>\n<link rel=\"canonical\" href=\"https:\/\/freshfy.es\/contacto\/\" \/>\n<meta property=\"og:locale\" content=\"fr_FR\" \/>\n<meta property=\"og:type\" content=\"article\" \/>\n<meta property=\"og:title\" content=\"Contacto - Freshfy\" \/>\n<meta property=\"og:description\" content=\"Contacto con Freshfy. Nos encontramos en Axarqu\u00eda, M\u00e1laga, una ubicaci\u00f3n que se destaca por la producci\u00f3n de productos tropicales y ex\u00f3ticos.\" \/>\n<meta property=\"og:url\" content=\"https:\/\/freshfy.es\/contacto\/\" \/>\n<meta property=\"og:site_name\" content=\"Freshfy\" \/>\n<meta property=\"article:modified_time\" content=\"2024-07-10T03:24:04+00:00\" \/>\n<meta property=\"og:image\" content=\"https:\/\/freshfy.es\/wp-content\/uploads\/2023\/09\/axarfruit-empresa-hortofruticola-aguacates-mangos-malaga-equipo.jpeg\" \/>\n\t<meta property=\"og:image:width\" content=\"1200\" \/>\n\t<meta property=\"og:image:height\" content=\"819\" \/>\n\t<meta property=\"og:image:type\" content=\"image\/jpeg\" \/>\n<meta name=\"twitter:card\" content=\"summary_large_image\" \/>\n<meta name=\"twitter:label1\" content=\"Dur\u00e9e de lecture estim\u00e9e\" \/>\n\t<meta name=\"twitter:data1\" content=\"2 minutes\" \/>\n<script type=\"application\/ld+json\" class=\"yoast-schema-graph\">{\"@context\":\"https:\/\/schema.org\",\"@graph\":[{\"@type\":\"WebPage\",\"@id\":\"https:\/\/freshfy.es\/contacto\/\",\"url\":\"https:\/\/freshfy.es\/contacto\/\",\"name\":\"Contacto - Freshfy\",\"isPartOf\":{\"@id\":\"https:\/\/freshfy.es\/#website\"},\"primaryImageOfPage\":{\"@id\":\"https:\/\/freshfy.es\/contacto\/#primaryimage\"},\"image\":{\"@id\":\"https:\/\/freshfy.es\/contacto\/#primaryimage\"},\"thumbnailUrl\":\"https:\/\/freshfy.es\/wp-content\/uploads\/2023\/09\/axarfruit-empresa-hortofruticola-aguacates-mangos-malaga-equipo.jpeg\",\"datePublished\":\"2023-09-17T03:00:17+00:00\",\"dateModified\":\"2024-07-10T03:24:04+00:00\",\"description\":\"Contacto con Freshfy. Nos encontramos en Axarqu\u00eda, M\u00e1laga, una ubicaci\u00f3n que se destaca por la producci\u00f3n de productos tropicales y ex\u00f3ticos.\",\"breadcrumb\":{\"@id\":\"https:\/\/freshfy.es\/contacto\/#breadcrumb\"},\"inLanguage\":\"fr-FR\",\"potentialAction\":[{\"@type\":\"ReadAction\",\"target\":[\"https:\/\/freshfy.es\/contacto\/\"]}]},{\"@type\":\"ImageObject\",\"inLanguage\":\"fr-FR\",\"@id\":\"https:\/\/freshfy.es\/contacto\/#primaryimage\",\"url\":\"https:\/\/freshfy.es\/wp-content\/uploads\/2023\/09\/axarfruit-empresa-hortofruticola-aguacates-mangos-malaga-equipo.jpeg\",\"contentUrl\":\"https:\/\/freshfy.es\/wp-content\/uploads\/2023\/09\/axarfruit-empresa-hortofruticola-aguacates-mangos-malaga-equipo.jpeg\",\"width\":1200,\"height\":819,\"caption\":\"contacto\"},{\"@type\":\"BreadcrumbList\",\"@id\":\"https:\/\/freshfy.es\/contacto\/#breadcrumb\",\"itemListElement\":[{\"@type\":\"ListItem\",\"position\":1,\"name\":\"Portada\",\"item\":\"https:\/\/freshfy.es\/\"},{\"@type\":\"ListItem\",\"position\":2,\"name\":\"CONTACTO\"}]},{\"@type\":\"WebSite\",\"@id\":\"https:\/\/freshfy.es\/#website\",\"url\":\"https:\/\/freshfy.es\/\",\"name\":\"Freshfy\",\"description\":\"Guacamole de aguacates frescos\",\"potentialAction\":[{\"@type\":\"SearchAction\",\"target\":{\"@type\":\"EntryPoint\",\"urlTemplate\":\"https:\/\/freshfy.es\/?s={search_term_string}\"},\"query-input\":{\"@type\":\"PropertyValueSpecification\",\"valueRequired\":true,\"valueName\":\"search_term_string\"}}],\"inLanguage\":\"fr-FR\"}]}<\/script>\n<!-- \/ Yoast SEO plugin. -->","yoast_head_json":{"title":"Contacto - Freshfy","description":"Contacto con Freshfy. Nos encontramos en Axarqu\u00eda, M\u00e1laga, una ubicaci\u00f3n que se destaca por la producci\u00f3n de productos tropicales y ex\u00f3ticos.","robots":{"index":"index","follow":"follow","max-snippet":"max-snippet:-1","max-image-preview":"max-image-preview:large","max-video-preview":"max-video-preview:-1"},"canonical":"https:\/\/freshfy.es\/contacto\/","og_locale":"fr_FR","og_type":"article","og_title":"Contacto - Freshfy","og_description":"Contacto con Freshfy. Nos encontramos en Axarqu\u00eda, M\u00e1laga, una ubicaci\u00f3n que se destaca por la producci\u00f3n de productos tropicales y ex\u00f3ticos.","og_url":"https:\/\/freshfy.es\/contacto\/","og_site_name":"Freshfy","article_modified_time":"2024-07-10T03:24:04+00:00","og_image":[{"width":1200,"height":819,"url":"https:\/\/freshfy.es\/wp-content\/uploads\/2023\/09\/axarfruit-empresa-hortofruticola-aguacates-mangos-malaga-equipo.jpeg","type":"image\/jpeg"}],"twitter_card":"summary_large_image","twitter_misc":{"Dur\u00e9e de lecture estim\u00e9e":"2 minutes"},"schema":{"@context":"https:\/\/schema.org","@graph":[{"@type":"WebPage","@id":"https:\/\/freshfy.es\/contacto\/","url":"https:\/\/freshfy.es\/contacto\/","name":"Contacto - Freshfy","isPartOf":{"@id":"https:\/\/freshfy.es\/#website"},"primaryImageOfPage":{"@id":"https:\/\/freshfy.es\/contacto\/#primaryimage"},"image":{"@id":"https:\/\/freshfy.es\/contacto\/#primaryimage"},"thumbnailUrl":"https:\/\/freshfy.es\/wp-content\/uploads\/2023\/09\/axarfruit-empresa-hortofruticola-aguacates-mangos-malaga-equipo.jpeg","datePublished":"2023-09-17T03:00:17+00:00","dateModified":"2024-07-10T03:24:04+00:00","description":"Contacto con Freshfy. Nos encontramos en Axarqu\u00eda, M\u00e1laga, una ubicaci\u00f3n que se destaca por la producci\u00f3n de productos tropicales y ex\u00f3ticos.","breadcrumb":{"@id":"https:\/\/freshfy.es\/contacto\/#breadcrumb"},"inLanguage":"fr-FR","potentialAction":[{"@type":"ReadAction","target":["https:\/\/freshfy.es\/contacto\/"]}]},{"@type":"ImageObject","inLanguage":"fr-FR","@id":"https:\/\/freshfy.es\/contacto\/#primaryimage","url":"https:\/\/freshfy.es\/wp-content\/uploads\/2023\/09\/axarfruit-empresa-hortofruticola-aguacates-mangos-malaga-equipo.jpeg","contentUrl":"https:\/\/freshfy.es\/wp-content\/uploads\/2023\/09\/axarfruit-empresa-hortofruticola-aguacates-mangos-malaga-equipo.jpeg","width":1200,"height":819,"caption":"contacto"},{"@type":"BreadcrumbList","@id":"https:\/\/freshfy.es\/contacto\/#breadcrumb","itemListElement":[{"@type":"ListItem","position":1,"name":"Portada","item":"https:\/\/freshfy.es\/"},{"@type":"ListItem","position":2,"name":"CONTACTO"}]},{"@type":"WebSite","@id":"https:\/\/freshfy.es\/#website","url":"https:\/\/freshfy.es\/","name":"Freshfy","description":"Guacamole de aguacates frescos","potentialAction":[{"@type":"SearchAction","target":{"@type":"EntryPoint","urlTemplate":"https:\/\/freshfy.es\/?s={search_term_string}"},"query-input":{"@type":"PropertyValueSpecification","valueRequired":true,"valueName":"search_term_string"}}],"inLanguage":"fr-FR"}]}},"_links":{"self":[{"href":"https:\/\/freshfy.es\/fr\/wp-json\/wp\/v2\/pages\/17","targetHints":{"allow":["GET"]}}],"collection":[{"href":"https:\/\/freshfy.es\/fr\/wp-json\/wp\/v2\/pages"}],"about":[{"href":"https:\/\/freshfy.es\/fr\/wp-json\/wp\/v2\/types\/page"}],"author":[{"embeddable":true,"href":"https:\/\/freshfy.es\/fr\/wp-json\/wp\/v2\/users\/1"}],"replies":[{"embeddable":true,"href":"https:\/\/freshfy.es\/fr\/wp-json\/wp\/v2\/comments?post=17"}],"version-history":[{"count":4,"href":"https:\/\/freshfy.es\/fr\/wp-json\/wp\/v2\/pages\/17\/revisions"}],"predecessor-version":[{"id":871,"href":"https:\/\/freshfy.es\/fr\/wp-json\/wp\/v2\/pages\/17\/revisions\/871"}],"wp:featuredmedia":[{"embeddable":true,"href":"https:\/\/freshfy.es\/fr\/wp-json\/wp\/v2\/media\/519"}],"wp:attachment":[{"href":"https:\/\/freshfy.es\/fr\/wp-json\/wp\/v2\/media?parent=17"}],"curies":[{"name":"wp","href":"https:\/\/api.w.org\/{rel}","templated":true}]}}