{"id":13,"date":"2023-09-17T04:59:47","date_gmt":"2023-09-17T02:59:47","guid":{"rendered":"http:\/\/freshfy.es\/?page_id=13"},"modified":"2024-08-22T08:23:22","modified_gmt":"2024-08-22T06:23:22","slug":"guacamole-products","status":"publish","type":"page","link":"https:\/\/freshfy.es\/fr\/produits\/","title":{"rendered":"PRODUITS"},"content":{"rendered":"<section class=\"wpb-content-wrapper\"><p>[vc_row gap=\u00a0\u00bb35&Prime; equal_height=\u00a0\u00bbyes\u00a0\u00bb content_placement=\u00a0\u00bbmiddle\u00a0\u00bb css=\u00a0\u00bb.vc_custom_1695172920545{background-color: #f4f4f4 !important;}\u00a0\u00bb][vc_column width=\u00a0\u00bb5\/12&Prime;][vc_single_image image=\u00a0\u00bb121&Prime; img_size=\u00a0\u00bbmedium\u00a0\u00bb css=\u00a0\u00bb.vc_custom_1718875426413{margin-top: 50px !important;}\u00a0\u00bb][\/vc_column][vc_column width=\u00a0\u00bb7\/12&Prime; css_animation=\u00a0\u00bbright-to-left\u00a0\u00bb][gsf_heading title_font_size=\u00a0\u00bb36&Prime; icon_image=\u00a0\u00bb36&Prime; el_class=\u00a0\u00bbeHomeProductos01&Prime; title=\u00a0\u00bbSaveur douce \u00a0\u00bb sub_title=\u00a0\u00bbPRODUITS\u00a0\u00bb description=\u00a0\u00bbGuacamole savoureux, frais et \u00e0 la texture l\u00e9g\u00e8re. Ingr\u00e9dients : Avocat Hass (95 %), piment jalape\u00f1o, oignon, antioxydant, ar\u00f4me d\u2019oignon, ar\u00f4me d\u2019ail, sucre, sel, ail d\u00e9shydrat\u00e9, acide citrique, conservateur et coriandre d\u00e9shydrat\u00e9e.\u00a0\u00bb css=\u00a0\u00bb.vc_custom_1722253858638{margin-top: 30px !important;margin-bottom: 50px !important;}\u00a0\u00bb][gsf_button title=\u00a0\u00bbSAVOIR PLUS\u00a0\u00bb size=\u00a0\u00bblg\u00a0\u00bb el_class=\u00a0\u00bbebtn01&Prime; css=\u00a0\u00bb.vc_custom_1720585123955{margin-bottom: 30px !important;}\u00a0\u00bb link=\u00a0\u00bburl:https%3A%2F%2Ffreshfy.es%2Fproductos%2Fguacamole%2F|title:Guacamole\u00a0\u00bb][\/vc_column][\/vc_row][vc_row gap=\u00a0\u00bb35&Prime; equal_height=\u00a0\u00bbyes\u00a0\u00bb content_placement=\u00a0\u00bbmiddle\u00a0\u00bb css=\u00a0\u00bb.vc_custom_1695176090508{background-color: #132805 !important;}\u00a0\u00bb responsive=\u00a0\u00bbvc_hidden-xs\u00a0\u00bb][vc_column width=\u00a0\u00bb7\/12&Prime; css_animation=\u00a0\u00bbleft-to-right\u00a0\u00bb][gsf_heading title_font_size=\u00a0\u00bb36&Prime; icon_image=\u00a0\u00bb140&Prime; el_class=\u00a0\u00bbeHomeProductos02&Prime; title=\u00a0\u00bbSaveur \u00e9pic\u00e9e \u00a0\u00bb sub_title=\u00a0\u00bbPRODUITS\u00a0\u00bb description=\u00a0\u00bbGuacamole intense et explosif, avec 0,95 % d\u2019ar\u00f4me de piment jalape\u00f1o. Ingr\u00e9dients : Avocat Hass (95 %), piment jalape\u00f1o (0,95 %), poivron rouge, oignon, sel, coriandre, acide ascorbique et antioxydant. \u00a0\u00bb css=\u00a0\u00bb.vc_custom_1722253880550{margin-top: 30px !important;margin-bottom: 50px !important;}\u00a0\u00bb][gsf_button title=\u00a0\u00bbSAVOIR PLUS\u00a0\u00bb size=\u00a0\u00bblg\u00a0\u00bb el_class=\u00a0\u00bbebtn01&Prime; css=\u00a0\u00bb.vc_custom_1720585132888{margin-bottom: 30px !important;}\u00a0\u00bb link=\u00a0\u00bburl:https%3A%2F%2Ffreshfy.es%2Fproductos%2Fguacamole-picante%2F|title:Guacamole%20Picante\u00a0\u00bb][\/vc_column][vc_column width=\u00a0\u00bb5\/12&Prime;][vc_single_image image=\u00a0\u00bb123&Prime; img_size=\u00a0\u00bbmedium\u00a0\u00bb css=\u00a0\u00bb.vc_custom_1718875437283{margin-top: 50px !important;}\u00a0\u00bb][\/vc_column][\/vc_row][vc_row gap=\u00a0\u00bb35&Prime; equal_height=\u00a0\u00bbyes\u00a0\u00bb content_placement=\u00a0\u00bbmiddle\u00a0\u00bb disable_element=\u00a0\u00bbyes\u00a0\u00bb css=\u00a0\u00bb.vc_custom_1718875496173{background-color: #c1d868 !important;}\u00a0\u00bb][vc_column width=\u00a0\u00bb5\/12&Prime;][vc_single_image image=\u00a0\u00bb122&Prime; img_size=\u00a0\u00bbmedium\u00a0\u00bb css=\u00a0\u00bb.vc_custom_1718875448835{margin-top: 50px !important;}\u00a0\u00bb][\/vc_column][vc_column width=\u00a0\u00bb7\/12&Prime; css_animation=\u00a0\u00bbright-to-left\u00a0\u00bb][gsf_heading title_font_size=\u00a0\u00bb36&Prime; icon_image=\u00a0\u00bb143&Prime; el_class=\u00a0\u00bbeHomeProductos03&Prime; title=\u00a0\u00bbPulpa de Aguacate\u00a0\u00bb sub_title=\u00a0\u00bbPRODUCTOS\u00a0\u00bb description=\u00a0\u00bbGuacamole para untar a base de pulpa de aguacate. Ingredientes: Aguacate Hass (99%) antioxidante, sal y \u00e1cido c\u00edtrico.\u00a0\u00bb css=\u00a0\u00bb.vc_custom_1718873759763{margin-top: 30px !important;margin-bottom: 50px !important;}\u00a0\u00bb][gsf_button title=\u00a0\u00bbSABER M\u00c1S\u00a0\u00bb size=\u00a0\u00bblg\u00a0\u00bb el_class=\u00a0\u00bbebtn01&Prime; css=\u00a0\u00bb.vc_custom_1696862788062{margin-bottom: 30px !important;}\u00a0\u00bb link=\u00a0\u00bburl:https%3A%2F%2Ffreshfy.es%2Fproductos%2Fguacamole-bio%2F|title:Guacamole%20Bio\u00a0\u00bb][\/vc_column][\/vc_row][vc_row gap=\u00a0\u00bb35&Prime; equal_height=\u00a0\u00bbyes\u00a0\u00bb content_placement=\u00a0\u00bbmiddle\u00a0\u00bb css=\u00a0\u00bb.vc_custom_1695176939919{background-color: #f4f4f4 !important;}\u00a0\u00bb responsive=\u00a0\u00bbvc_hidden-xs\u00a0\u00bb][vc_column width=\u00a0\u00bb7\/12&Prime; css_animation=\u00a0\u00bbleft-to-right\u00a0\u00bb][gsf_heading title_font_size=\u00a0\u00bb36&Prime; icon_image=\u00a0\u00bb152&Prime; el_class=\u00a0\u00bbeHomeProductos01&Prime; title=\u00a0\u00bbAvocheese\u00a0\u00bb sub_title=\u00a0\u00bbProduits \u00a0\u00bb description=\u00a0\u00bbGuacamole \u00e0 tartiner \u00e0 la b\u00fbche de ch\u00e8vre extra cr\u00e9meuse, sans lactose. Ingr\u00e9dients :<br \/>\nAvocat Hass (84 %), b\u00fbche de ch\u00e8vre affin\u00e9e sans lactose (8,5 %), raisins secs, oignon, sel, antioxydant et correcteur d\u2019acidit\u00e9.\u00a0\u00bb css=\u00a0\u00bb.vc_custom_1722253902747{margin-top: 30px !important;margin-bottom: 50px !important;}\u00a0\u00bb][gsf_button title=\u00a0\u00bbSAVOIR PLUS\u00a0\u00bb size=\u00a0\u00bblg\u00a0\u00bb el_class=\u00a0\u00bbebtn01&Prime; css=\u00a0\u00bb.vc_custom_1720585144933{margin-bottom: 30px !important;}\u00a0\u00bb link=\u00a0\u00bburl:https%3A%2F%2Ffreshfy.es%2Fproductos%2Favocheese%2F|title:Avocheese\u00a0\u00bb][\/vc_column][vc_column width=\u00a0\u00bb5\/12&Prime;][vc_single_image image=\u00a0\u00bb721&Prime; img_size=\u00a0\u00bb6000&#215;6000&Prime; css=\u00a0\u00bb.vc_custom_1718874155325{margin-top: 50px !important;}\u00a0\u00bb][\/vc_column][\/vc_row][vc_row gap=\u00a0\u00bb35&Prime; equal_height=\u00a0\u00bbyes\u00a0\u00bb content_placement=\u00a0\u00bbmiddle\u00a0\u00bb css=\u00a0\u00bb.vc_custom_1718873966810{background-color: #000000 !important;}\u00a0\u00bb][vc_column width=\u00a0\u00bb5\/12&Prime;][vc_single_image image=\u00a0\u00bb728&Prime; img_size=\u00a0\u00bbfull\u00a0\u00bb css=\u00a0\u00bb.vc_custom_1718875270528{margin-top: 50px !important;}\u00a0\u00bb][\/vc_column][vc_column width=\u00a0\u00bb7\/12&Prime; css_animation=\u00a0\u00bbright-to-left\u00a0\u00bb][gsf_heading title_font_size=\u00a0\u00bb36&Prime; icon_image=\u00a0\u00bb143&Prime; el_class=\u00a0\u00bbeHomeProductos02&Prime; title=\u00a0\u00bbAvocat au basilic et graines de lin\u00a0\u00bb sub_title=\u00a0\u00bbProduits \u00a0\u00bb description=\u00a0\u00bbGuacamole \u00e0 tartiner avec une l\u00e9g\u00e8re touche de basilic et aux graines de lin. Ingr\u00e9dients : Avocat Hass (96 %), basilic (1,7 %), sel, lin dor\u00e9 (0,6 %), sucre, antioxydant, poivre noir et correcteur d\u2019acidit\u00e9.\u00a0\u00bb css=\u00a0\u00bb.vc_custom_1722253921778{margin-top: 30px !important;margin-bottom: 50px !important;}\u00a0\u00bb][gsf_button title=\u00a0\u00bbEN SAVOIR PLUS\u00a0\u00bb size=\u00a0\u00bblg\u00a0\u00bb el_class=\u00a0\u00bbebtn01&Prime; css=\u00a0\u00bb.vc_custom_1722253932406{margin-bottom: 30px !important;}\u00a0\u00bb link=\u00a0\u00bburl:https%3A%2F%2Ffreshfy.es%2Fproductos%2Fguacamole-bio%2F|title:Guacamole%20Bio\u00a0\u00bb][\/vc_column][\/vc_row]<\/p>\n<\/section>","protected":false},"excerpt":{"rendered":"<p>[vc_row gap=\u00a0\u00bb35&Prime; equal_height=\u00a0\u00bbyes\u00a0\u00bb content_placement=\u00a0\u00bbmiddle\u00a0\u00bb css=\u00a0\u00bb.vc_custom_1695172920545{background-color: #f4f4f4 !important;}\u00a0\u00bb][vc_column width=\u00a0\u00bb5\/12&Prime;][vc_single_image image=\u00a0\u00bb121&Prime; img_size=\u00a0\u00bbmedium\u00a0\u00bb css=\u00a0\u00bb.vc_custom_1718875426413{margin-top: 50px !important;}\u00a0\u00bb][\/vc_column][vc_column width=\u00a0\u00bb7\/12&Prime; css_animation=\u00a0\u00bbright-to-left\u00a0\u00bb][gsf_heading title_font_size=\u00a0\u00bb36&Prime; icon_image=\u00a0\u00bb36&Prime; el_class=\u00a0\u00bbeHomeProductos01&Prime; title=\u00a0\u00bbSaveur douce \u00a0\u00bb sub_title=\u00a0\u00bbPRODUITS\u00a0\u00bb description=\u00a0\u00bbGuacamole savoureux, frais et \u00e0 la texture l\u00e9g\u00e8re. Ingr\u00e9dients : Avocat Hass (95 %), piment jalape\u00f1o, oignon, antioxydant, ar\u00f4me d\u2019oignon, ar\u00f4me d\u2019ail, sucre, sel, ail d\u00e9shydrat\u00e9, acide citrique, conservateur et coriandre d\u00e9shydrat\u00e9e.\u00a0\u00bb css=\u00a0\u00bb.vc_custom_1722253858638{margin-top: [&hellip;]<\/p>\n","protected":false},"author":1,"featured_media":721,"parent":0,"menu_order":0,"comment_status":"closed","ping_status":"closed","template":"","meta":{"footnotes":""},"class_list":["post-13","page","type-page","status-publish","has-post-thumbnail","hentry"],"yoast_head":"<!-- This site is optimized with the Yoast SEO plugin v23.4 - https:\/\/yoast.com\/wordpress\/plugins\/seo\/ -->\n<title>Productos de guacamole - Freshfy<\/title>\n<meta name=\"description\" content=\"Los productos de guacamole que encontrar\u00e1s en Freshfy son variados. Tenemos guacamole normal, picante, BIO y el guacamole estrella: Avocheese\" \/>\n<meta name=\"robots\" content=\"index, follow, max-snippet:-1, max-image-preview:large, max-video-preview:-1\" \/>\n<link rel=\"canonical\" href=\"https:\/\/freshfy.es\/productos\/\" \/>\n<meta property=\"og:locale\" content=\"fr_FR\" \/>\n<meta property=\"og:type\" content=\"article\" \/>\n<meta property=\"og:title\" content=\"Productos de guacamole - Freshfy\" \/>\n<meta property=\"og:description\" content=\"Los productos de guacamole que encontrar\u00e1s en Freshfy son variados. Tenemos guacamole normal, picante, BIO y el guacamole estrella: Avocheese\" \/>\n<meta property=\"og:url\" content=\"https:\/\/freshfy.es\/productos\/\" \/>\n<meta property=\"og:site_name\" content=\"Freshfy\" \/>\n<meta property=\"article:modified_time\" content=\"2024-08-22T06:23:22+00:00\" \/>\n<meta property=\"og:image\" content=\"https:\/\/freshfy.es\/wp-content\/uploads\/2024\/06\/tarrina-de-guacamole-con-queso-de-cabra-freshfy-1024x683.png\" \/>\n\t<meta property=\"og:image:width\" content=\"1024\" \/>\n\t<meta property=\"og:image:height\" content=\"683\" \/>\n\t<meta property=\"og:image:type\" content=\"image\/png\" \/>\n<meta name=\"twitter:card\" content=\"summary_large_image\" \/>\n<meta name=\"twitter:label1\" content=\"Dur\u00e9e de lecture estim\u00e9e\" \/>\n\t<meta name=\"twitter:data1\" content=\"3 minutes\" \/>\n<script type=\"application\/ld+json\" class=\"yoast-schema-graph\">{\"@context\":\"https:\/\/schema.org\",\"@graph\":[{\"@type\":\"WebPage\",\"@id\":\"https:\/\/freshfy.es\/productos\/\",\"url\":\"https:\/\/freshfy.es\/productos\/\",\"name\":\"Productos de guacamole - Freshfy\",\"isPartOf\":{\"@id\":\"https:\/\/freshfy.es\/#website\"},\"primaryImageOfPage\":{\"@id\":\"https:\/\/freshfy.es\/productos\/#primaryimage\"},\"image\":{\"@id\":\"https:\/\/freshfy.es\/productos\/#primaryimage\"},\"thumbnailUrl\":\"https:\/\/freshfy.es\/wp-content\/uploads\/2024\/06\/tarrina-de-guacamole-con-queso-de-cabra-freshfy.png\",\"datePublished\":\"2023-09-17T02:59:47+00:00\",\"dateModified\":\"2024-08-22T06:23:22+00:00\",\"description\":\"Los productos de guacamole que encontrar\u00e1s en Freshfy son variados. Tenemos guacamole normal, picante, BIO y el guacamole estrella: Avocheese\",\"breadcrumb\":{\"@id\":\"https:\/\/freshfy.es\/productos\/#breadcrumb\"},\"inLanguage\":\"fr-FR\",\"potentialAction\":[{\"@type\":\"ReadAction\",\"target\":[\"https:\/\/freshfy.es\/productos\/\"]}]},{\"@type\":\"ImageObject\",\"inLanguage\":\"fr-FR\",\"@id\":\"https:\/\/freshfy.es\/productos\/#primaryimage\",\"url\":\"https:\/\/freshfy.es\/wp-content\/uploads\/2024\/06\/tarrina-de-guacamole-con-queso-de-cabra-freshfy.png\",\"contentUrl\":\"https:\/\/freshfy.es\/wp-content\/uploads\/2024\/06\/tarrina-de-guacamole-con-queso-de-cabra-freshfy.png\",\"width\":4500,\"height\":3000,\"caption\":\"tarrina de guacamole con queso de cabra freshfy\"},{\"@type\":\"BreadcrumbList\",\"@id\":\"https:\/\/freshfy.es\/productos\/#breadcrumb\",\"itemListElement\":[{\"@type\":\"ListItem\",\"position\":1,\"name\":\"Portada\",\"item\":\"https:\/\/freshfy.es\/\"},{\"@type\":\"ListItem\",\"position\":2,\"name\":\"PRODUCTOS\"}]},{\"@type\":\"WebSite\",\"@id\":\"https:\/\/freshfy.es\/#website\",\"url\":\"https:\/\/freshfy.es\/\",\"name\":\"Freshfy\",\"description\":\"Guacamole de aguacates frescos\",\"potentialAction\":[{\"@type\":\"SearchAction\",\"target\":{\"@type\":\"EntryPoint\",\"urlTemplate\":\"https:\/\/freshfy.es\/?s={search_term_string}\"},\"query-input\":{\"@type\":\"PropertyValueSpecification\",\"valueRequired\":true,\"valueName\":\"search_term_string\"}}],\"inLanguage\":\"fr-FR\"}]}<\/script>\n<!-- \/ Yoast SEO plugin. -->","yoast_head_json":{"title":"Productos de guacamole - Freshfy","description":"Los productos de guacamole que encontrar\u00e1s en Freshfy son variados. Tenemos guacamole normal, picante, BIO y el guacamole estrella: Avocheese","robots":{"index":"index","follow":"follow","max-snippet":"max-snippet:-1","max-image-preview":"max-image-preview:large","max-video-preview":"max-video-preview:-1"},"canonical":"https:\/\/freshfy.es\/productos\/","og_locale":"fr_FR","og_type":"article","og_title":"Productos de guacamole - Freshfy","og_description":"Los productos de guacamole que encontrar\u00e1s en Freshfy son variados. Tenemos guacamole normal, picante, BIO y el guacamole estrella: Avocheese","og_url":"https:\/\/freshfy.es\/productos\/","og_site_name":"Freshfy","article_modified_time":"2024-08-22T06:23:22+00:00","og_image":[{"width":1024,"height":683,"url":"https:\/\/freshfy.es\/wp-content\/uploads\/2024\/06\/tarrina-de-guacamole-con-queso-de-cabra-freshfy-1024x683.png","type":"image\/png"}],"twitter_card":"summary_large_image","twitter_misc":{"Dur\u00e9e de lecture estim\u00e9e":"3 minutes"},"schema":{"@context":"https:\/\/schema.org","@graph":[{"@type":"WebPage","@id":"https:\/\/freshfy.es\/productos\/","url":"https:\/\/freshfy.es\/productos\/","name":"Productos de guacamole - Freshfy","isPartOf":{"@id":"https:\/\/freshfy.es\/#website"},"primaryImageOfPage":{"@id":"https:\/\/freshfy.es\/productos\/#primaryimage"},"image":{"@id":"https:\/\/freshfy.es\/productos\/#primaryimage"},"thumbnailUrl":"https:\/\/freshfy.es\/wp-content\/uploads\/2024\/06\/tarrina-de-guacamole-con-queso-de-cabra-freshfy.png","datePublished":"2023-09-17T02:59:47+00:00","dateModified":"2024-08-22T06:23:22+00:00","description":"Los productos de guacamole que encontrar\u00e1s en Freshfy son variados. Tenemos guacamole normal, picante, BIO y el guacamole estrella: Avocheese","breadcrumb":{"@id":"https:\/\/freshfy.es\/productos\/#breadcrumb"},"inLanguage":"fr-FR","potentialAction":[{"@type":"ReadAction","target":["https:\/\/freshfy.es\/productos\/"]}]},{"@type":"ImageObject","inLanguage":"fr-FR","@id":"https:\/\/freshfy.es\/productos\/#primaryimage","url":"https:\/\/freshfy.es\/wp-content\/uploads\/2024\/06\/tarrina-de-guacamole-con-queso-de-cabra-freshfy.png","contentUrl":"https:\/\/freshfy.es\/wp-content\/uploads\/2024\/06\/tarrina-de-guacamole-con-queso-de-cabra-freshfy.png","width":4500,"height":3000,"caption":"tarrina de guacamole con queso de cabra freshfy"},{"@type":"BreadcrumbList","@id":"https:\/\/freshfy.es\/productos\/#breadcrumb","itemListElement":[{"@type":"ListItem","position":1,"name":"Portada","item":"https:\/\/freshfy.es\/"},{"@type":"ListItem","position":2,"name":"PRODUCTOS"}]},{"@type":"WebSite","@id":"https:\/\/freshfy.es\/#website","url":"https:\/\/freshfy.es\/","name":"Freshfy","description":"Guacamole de aguacates frescos","potentialAction":[{"@type":"SearchAction","target":{"@type":"EntryPoint","urlTemplate":"https:\/\/freshfy.es\/?s={search_term_string}"},"query-input":{"@type":"PropertyValueSpecification","valueRequired":true,"valueName":"search_term_string"}}],"inLanguage":"fr-FR"}]}},"_links":{"self":[{"href":"https:\/\/freshfy.es\/fr\/wp-json\/wp\/v2\/pages\/13","targetHints":{"allow":["GET"]}}],"collection":[{"href":"https:\/\/freshfy.es\/fr\/wp-json\/wp\/v2\/pages"}],"about":[{"href":"https:\/\/freshfy.es\/fr\/wp-json\/wp\/v2\/types\/page"}],"author":[{"embeddable":true,"href":"https:\/\/freshfy.es\/fr\/wp-json\/wp\/v2\/users\/1"}],"replies":[{"embeddable":true,"href":"https:\/\/freshfy.es\/fr\/wp-json\/wp\/v2\/comments?post=13"}],"version-history":[{"count":4,"href":"https:\/\/freshfy.es\/fr\/wp-json\/wp\/v2\/pages\/13\/revisions"}],"predecessor-version":[{"id":1017,"href":"https:\/\/freshfy.es\/fr\/wp-json\/wp\/v2\/pages\/13\/revisions\/1017"}],"wp:featuredmedia":[{"embeddable":true,"href":"https:\/\/freshfy.es\/fr\/wp-json\/wp\/v2\/media\/721"}],"wp:attachment":[{"href":"https:\/\/freshfy.es\/fr\/wp-json\/wp\/v2\/media?parent=13"}],"curies":[{"name":"wp","href":"https:\/\/api.w.org\/{rel}","templated":true}]}}