{"id":11,"date":"2023-09-17T04:59:15","date_gmt":"2023-09-17T02:59:15","guid":{"rendered":"http:\/\/freshfy.es\/?page_id=11"},"modified":"2024-07-29T13:47:42","modified_gmt":"2024-07-29T11:47:42","slug":"conocenos","status":"publish","type":"page","link":"https:\/\/freshfy.es\/fr\/bienvenue-chez\/","title":{"rendered":"BIENVENUE CHEZ"},"content":{"rendered":"<section class=\"wpb-content-wrapper\"><p>[vc_row][vc_column el_class=\u00a0\u00bbpd-top-95,pd-bottom-85&Prime;][vc_single_image image=\u00a0\u00bb24&Prime; img_size=\u00a0\u00bbfull\u00a0\u00bb alignment=\u00a0\u00bbcenter\u00a0\u00bb][gsf_heading text_align=\u00a0\u00bbtext-center\u00a0\u00bb title_font_size=\u00a0\u00bb36&Prime; icon_image=\u00a0\u00bb36&Prime; css_animation=\u00a0\u00bbleft-to-right\u00a0\u00bb el_class=\u00a0\u00bbmg-bottom-55,eHomeTit01&Prime; css=\u00a0\u00bb.vc_custom_1695255899356{margin-bottom: 20px !important;}\u00a0\u00bb][vc_column_text css=\u00a0\u00bb.vc_custom_1722252274754{margin-right: 100px !important;margin-left: 100px !important;}\u00a0\u00bb responsive=\u00a0\u00bbvc_hidden-sm vc_hidden-xs\u00a0\u00bb]<\/p>\n<p style=\"text-align: center;\">Chez <strong>Freshfy<\/strong>, nous avons d\u00e9velopp\u00e9 une ligne de Guacamole surgel\u00e9 avec une teneur tr\u00e8s \u00e9lev\u00e9e en avocat frais, ainsi que diff\u00e9rentes lignes et saveurs, d\u00e9velopp\u00e9es en conventionnel et en biologique. Parmi ces derni\u00e8res, le <strong>Guacamole \u00e9pic\u00e9<\/strong>, le <strong>Guacamole doux<\/strong>, les <strong>Dip \u0301s tartinables<\/strong> et <strong>notre nouvel Avocheese, \u00e0 la b\u00fbche de ch\u00e8vre<\/strong>.<\/p>\n<p>[\/vc_column_text][vc_column_text responsive=\u00a0\u00bbvc_hidden-lg vc_hidden-md\u00a0\u00bb]<\/p>\n<p style=\"text-align: center;\">Chez <strong>Freshfy<\/strong>, nous avons d\u00e9velopp\u00e9 une ligne de Guacamole surgel\u00e9 avec une teneur tr\u00e8s \u00e9lev\u00e9e en avocat frais, ainsi que diff\u00e9rentes lignes et saveurs, d\u00e9velopp\u00e9es en conventionnel et en biologique. Parmi ces derni\u00e8res, le <strong>Guacamole \u00e9pic\u00e9<\/strong>, le <strong>Guacamole doux<\/strong>, les <strong>Dip \u0301s tartinables<\/strong> et <strong>notre nouvel Avocheese, \u00e0 la b\u00fbche de ch\u00e8vre<\/strong>.<\/p>\n<p>[\/vc_column_text][vc_row_inner equal_height=\u00a0\u00bbyes\u00a0\u00bb][vc_column_inner width=\u00a0\u00bb1\/3&Prime;][gsf_icon_box title=\u00a0\u00bbFRAIS\u00a0\u00bb title_below=\u00a0\u00bb\u00a0\u00bb description=\u00a0\u00bbDes guacamoles \u00e9labor\u00e9s avec une teneur tr\u00e8s \u00e9lev\u00e9e en avocats frais.\u00a0\u00bb icon_image=\u00a0\u00bb34&Prime; css_animation=\u00a0\u00bbbottom-to-top\u00a0\u00bb animation_duration=\u00a0\u00bb3.25s\u00a0\u00bb el_class=\u00a0\u00bbeWorkSansTxtGrish4&Prime;][\/vc_column_inner][vc_column_inner width=\u00a0\u00bb1\/3&Prime;][gsf_icon_box title=\u00a0\u00bbSANT\u00c9\u00a0\u00bb title_below=\u00a0\u00bb\u00a0\u00bb description=\u00a0\u00bbLe fruit du guacamole est bon pour la sant\u00e9, gr\u00e2ce \u00e0 sa faible teneur en mati\u00e8res grasses satur\u00e9es.\u00a0\u00bb icon_image=\u00a0\u00bb45&Prime; css_animation=\u00a0\u00bbbottom-to-top\u00a0\u00bb animation_duration=\u00a0\u00bb2.5s\u00a0\u00bb el_class=\u00a0\u00bbeWorkSansTxtGrish4&Prime;][\/vc_column_inner][vc_column_inner width=\u00a0\u00bb1\/3&Prime;][gsf_icon_box title=\u00a0\u00bbNATUREL\u00a0\u00bb title_below=\u00a0\u00bb\u00a0\u00bb description=\u00a0\u00bbLes avocats sont la mati\u00e8re premi\u00e8re de notre gamme de guacamoles.\u00a0\u00bb icon_image=\u00a0\u00bb35&Prime; css_animation=\u00a0\u00bbbottom-to-top\u00a0\u00bb animation_duration=\u00a0\u00bb1s\u00a0\u00bb el_class=\u00a0\u00bbeWorkSansTxtGrish4&Prime;][\/vc_column_inner][\/vc_row_inner][\/vc_column][\/vc_row][vc_row equal_height=\u00a0\u00bbyes\u00a0\u00bb content_placement=\u00a0\u00bbbottom\u00a0\u00bb el_class=\u00a0\u00bbpd-top-85,pd-bottom-95&Prime; css=\u00a0\u00bb.vc_custom_1695166871990{background: #f5fcf9 url(http:\/\/freshfy.es\/wp-content\/uploads\/2023\/09\/freshby-bg-ingredientes-scaled.webp?id=73) !important;background-position: center !important;background-repeat: no-repeat !important;background-size: cover !important;}\u00a0\u00bb][vc_column el_class=\u00a0\u00bbcol-md-push-7,sm-mg-bottom-30&Prime; css_animation=\u00a0\u00bbright-to-left\u00a0\u00bb offset=\u00a0\u00bbvc_col-md-5&Prime;][gsf_heading title_font_size=\u00a0\u00bb36&Prime; icon_image=\u00a0\u00bb36&Prime; el_class=\u00a0\u00bbeHomeIngredientes\u00a0\u00bb title=\u00a0\u00bbNotre histoire\u00a0\u00bb sub_title=\u00a0\u00bbLa marque\u00a0\u00bb description=\u00a0\u00bbFreshfy est une marque appartenant au groupe alimentaire AF Group situ\u00e9 en Axarqu\u00eda, province de Malaga (Espagne).\u00a0\u00bb css=\u00a0\u00bb.vc_custom_1722252711847{margin-bottom: 58px !important;}\u00a0\u00bb][gsf_icon_box layout_style=\u00a0\u00bbib-left-middle\u00a0\u00bb title=\u00a0\u00bbAF GROUP\u00a0\u00bb title_size=\u00a0\u00bbtitle-small\u00a0\u00bb title_below=\u00a0\u00bb\u00a0\u00bb description=\u00a0\u00bbNous appartenons \u00e0 AF Group, qui comprend diff\u00e9rentes entreprises sp\u00e9cialis\u00e9es dans les produits subtropicaux, notamment l\u2019avocat et la mangue.\u00a0\u00bb icon_image=\u00a0\u00bb525&Prime; image_width=\u00a0\u00bb69px\u00a0\u00bb el_class=\u00a0\u00bbeTxtBlanco,eTxtLS\u00a0\u00bb css=\u00a0\u00bb.vc_custom_1722253660679{margin-bottom: 30px !important;}\u00a0\u00bb][gsf_icon_box layout_style=\u00a0\u00bbib-left-middle\u00a0\u00bb title=\u00a0\u00bbTRAJECTOIRE\u00a0\u00bb title_size=\u00a0\u00bbtitle-small\u00a0\u00bb title_below=\u00a0\u00bb\u00a0\u00bb description=\u00a0\u00bbNous b\u00e9n\u00e9ficions des garanties d\u2019un groupe d\u2019entreprises disposant d\u2019une exp\u00e9rience forte de plus de 30 ans dans le secteur.\u00a0\u00bb icon_image=\u00a0\u00bb525&Prime; image_width=\u00a0\u00bb69px\u00a0\u00bb el_class=\u00a0\u00bbeTxtBlanco,eTxtLS\u00a0\u00bb css=\u00a0\u00bb.vc_custom_1722252753436{margin-bottom: 30px !important;}\u00a0\u00bb][gsf_icon_box layout_style=\u00a0\u00bbib-left-middle\u00a0\u00bb title=\u00a0\u00bbBUT\u00a0\u00bb title_size=\u00a0\u00bbtitle-small\u00a0\u00bb title_below=\u00a0\u00bb\u00a0\u00bb description=\u00a0\u00bbNotre objectif est de d\u00e9velopper, fabriquer et conditionner des sauces guacamole, avec les avocats que nous produisons et commercialisons nous-m\u00eames.\u00a0\u00bb icon_image=\u00a0\u00bb525&Prime; image_width=\u00a0\u00bb69px\u00a0\u00bb el_class=\u00a0\u00bbeTxtBlanco,eTxtLS\u00a0\u00bb css=\u00a0\u00bb.vc_custom_1722252772907{margin-bottom: 30px !important;}\u00a0\u00bb][gsf_icon_box layout_style=\u00a0\u00bbib-left-middle\u00a0\u00bb title=\u00a0\u00bbPRODUCTION\u00a0\u00bb title_size=\u00a0\u00bbtitle-small\u00a0\u00bb title_below=\u00a0\u00bb\u00a0\u00bb description=\u00a0\u00bbNos lignes de production tant conventionnelles qu&rsquo;\u00e9cologiques cherchent \u00e0 r\u00e9pondre aux besoins de plus en plus exigeants des march\u00e9s.\u00a0\u00bb icon_image=\u00a0\u00bb525&Prime; image_width=\u00a0\u00bb69px\u00a0\u00bb el_class=\u00a0\u00bbeTxtBlanco,eTxtLS\u00a0\u00bb css=\u00a0\u00bb.vc_custom_1722252794964{margin-bottom: 30px !important;}\u00a0\u00bb][\/vc_column][vc_column el_class=\u00a0\u00bbcol-md-pull-5&Prime; css_animation=\u00a0\u00bbleft-to-right\u00a0\u00bb offset=\u00a0\u00bbvc_col-md-7&Prime;][vc_single_image image=\u00a0\u00bb250&Prime; img_size=\u00a0\u00bbfull\u00a0\u00bb alignment=\u00a0\u00bbcenter\u00a0\u00bb css=\u00a0\u00bb.vc_custom_1718878701849{margin-bottom: 0px !important;}\u00a0\u00bb el_class=\u00a0\u00bbxl-mg-left-neg-190&Prime;][\/vc_column][\/vc_row][vc_row][vc_column el_class=\u00a0\u00bbpd-top-95,pd-bottom-85&Prime;][gsf_heading text_align=\u00a0\u00bbtext-center\u00a0\u00bb title_font_size=\u00a0\u00bb36&Prime; icon_image=\u00a0\u00bb36&Prime; css_animation=\u00a0\u00bbleft-to-right\u00a0\u00bb el_class=\u00a0\u00bbmg-bottom-55,eHomeTit01&Prime; css=\u00a0\u00bb.vc_custom_1722252816020{margin-bottom: 20px !important;}\u00a0\u00bb title=\u00a0\u00bbRencontrez l\u2019\u00e9quipe\u00a0\u00bb sub_title=\u00a0\u00bbLes personnes\u00a0\u00bb][vc_column_text css=\u00a0\u00bb.vc_custom_1722252822976{margin-right: 100px !important;margin-left: 100px !important;}\u00a0\u00bb responsive=\u00a0\u00bbvc_hidden-sm vc_hidden-xs\u00a0\u00bb]<\/p>\n<p style=\"text-align: center;\">Gr\u00e2ce \u00e0 notre \u00e9quipe, <strong>Freshfy<\/strong> est en mesure d\u2019apporter la qualit\u00e9 de ses produits \u00e0 des millions de foyers. Voici les personnes qui rendent cela possible&#8230;<\/p>\n<p>[\/vc_column_text][vc_column_text responsive=\u00a0\u00bbvc_hidden-lg vc_hidden-md\u00a0\u00bb]<\/p>\n<p style=\"text-align: center;\">Gr\u00e2ce \u00e0 notre \u00e9quipe, <strong>Freshfy<\/strong> est en mesure d\u2019apporter la qualit\u00e9 de ses produits \u00e0 des millions de foyers. Voici les personnes qui rendent cela possible&#8230;<\/p>\n<p>[\/vc_column_text][vc_row_inner][vc_column_inner width=\u00a0\u00bb1\/4&Prime;][gsf_our_team ourteam_avatar=\u00a0\u00bb679&Prime; ourteam_position=\u00a0\u00bbCargo en la empresa\u00a0\u00bb socials=\u00a0\u00bb%5B%7B%7D%5D\u00a0\u00bb ourteam_name=\u00a0\u00bbVicente Mart\u00ednez\u00a0\u00bb][\/vc_column_inner][vc_column_inner width=\u00a0\u00bb1\/4&Prime;][gsf_our_team ourteam_avatar=\u00a0\u00bb676&Prime; ourteam_position=\u00a0\u00bbCargo en la empresa\u00a0\u00bb socials=\u00a0\u00bb%5B%7B%7D%5D\u00a0\u00bb ourteam_name=\u00a0\u00bb\u00c1lvaro Mart\u00ednez\u00a0\u00bb][\/vc_column_inner][vc_column_inner width=\u00a0\u00bb1\/4&Prime;][gsf_our_team ourteam_avatar=\u00a0\u00bb677&Prime; ourteam_position=\u00a0\u00bbCargo en la empresa\u00a0\u00bb socials=\u00a0\u00bb%5B%7B%7D%5D\u00a0\u00bb ourteam_name=\u00a0\u00bbMelisa frencheli\u00a0\u00bb][\/vc_column_inner][vc_column_inner width=\u00a0\u00bb1\/4&Prime;][gsf_our_team ourteam_position=\u00a0\u00bbCargo en la empresa\u00a0\u00bb socials=\u00a0\u00bb%5B%7B%7D%5D\u00a0\u00bb ourteam_name=\u00a0\u00bbMario Blanes\u00a0\u00bb][\/vc_column_inner][\/vc_row_inner][\/vc_column][\/vc_row][vc_row css=\u00a0\u00bb.vc_custom_1695179166726{background-image: url(http:\/\/freshfy.es\/wp-content\/uploads\/2023\/09\/freshby-bg-home-seleccionamos-scaled.webp?id=169) !important;background-position: center !important;background-repeat: no-repeat !important;background-size: cover !important;}\u00a0\u00bb][vc_column][gsf_space desktop=\u00a0\u00bb180&Prime; tablet=\u00a0\u00bb150&Prime; tablet_portrait=\u00a0\u00bb140&Prime; mobile_landscape=\u00a0\u00bb130&Prime; mobile=\u00a0\u00bb120&Prime;][vc_row_inner equal_height=\u00a0\u00bbyes\u00a0\u00bb content_placement=\u00a0\u00bbmiddle\u00a0\u00bb][vc_column_inner el_class=\u00a0\u00bbsm-mg-bottom-40&Prime; offset=\u00a0\u00bbvc_col-md-6&Prime;][gsf_heading title_font_size=\u00a0\u00bb36&Prime; icon_image=\u00a0\u00bb171&Prime; css_animation=\u00a0\u00bbleft-to-right\u00a0\u00bb el_class=\u00a0\u00bbeHomeTit01&Prime; title=\u00a0\u00bbNos bureaux\u00a0\u00bb sub_title=\u00a0\u00bbInstallations\u00a0\u00bb description=\u00a0\u00bbDans nos installations situ\u00e9es en Axarqu\u00eda, dans la province de Malaga, nous travaillons avec les fruits que nous produisons et commercialisons nous-m\u00eames, avec les contr\u00f4les de qualit\u00e9 les plus stricts exig\u00e9s par nos march\u00e9s.\u00a0\u00bb css=\u00a0\u00bb.vc_custom_1722252856443{margin-bottom: 55px !important;}\u00a0\u00bb][\/vc_column_inner][vc_column_inner offset=\u00a0\u00bbvc_col-md-6&Prime;][gsf_gallery category=\u00a0\u00bbinstalaciones\u00a0\u00bb cate_filter_align=\u00a0\u00bbcate-filter-center\u00a0\u00bb gallery_image_size=\u00a0\u00bb570&#215;420&Prime; gallery_per_page=\u00a0\u00bb1&Prime; gallery_paging=\u00a0\u00bbpagination-ajax\u00a0\u00bb gallery_animation=\u00a0\u00bbnone\u00a0\u00bb columns=\u00a0\u00bb1&Prime; columns_md=\u00a0\u00bb1&Prime; columns_sm=\u00a0\u00bb1&Prime; columns_xs=\u00a0\u00bb1&Prime; el_class=\u00a0\u00bbeGallery\u00a0\u00bb][\/vc_column_inner][\/vc_row_inner][gsf_space desktop=\u00a0\u00bb180&Prime; tablet=\u00a0\u00bb150&Prime; tablet_portrait=\u00a0\u00bb140&Prime; mobile_landscape=\u00a0\u00bb130&Prime; mobile=\u00a0\u00bb120&Prime;][\/vc_column][\/vc_row]<\/p>\n<\/section>","protected":false},"excerpt":{"rendered":"<p>[vc_row][vc_column el_class=\u00a0\u00bbpd-top-95,pd-bottom-85&Prime;][vc_single_image image=\u00a0\u00bb24&Prime; img_size=\u00a0\u00bbfull\u00a0\u00bb alignment=\u00a0\u00bbcenter\u00a0\u00bb][gsf_heading text_align=\u00a0\u00bbtext-center\u00a0\u00bb title_font_size=\u00a0\u00bb36&Prime; icon_image=\u00a0\u00bb36&Prime; css_animation=\u00a0\u00bbleft-to-right\u00a0\u00bb el_class=\u00a0\u00bbmg-bottom-55,eHomeTit01&Prime; css=\u00a0\u00bb.vc_custom_1695255899356{margin-bottom: 20px !important;}\u00a0\u00bb][vc_column_text css=\u00a0\u00bb.vc_custom_1722252274754{margin-right: 100px !important;margin-left: 100px !important;}\u00a0\u00bb responsive=\u00a0\u00bbvc_hidden-sm vc_hidden-xs\u00a0\u00bb] Chez Freshfy, nous avons d\u00e9velopp\u00e9 une ligne de Guacamole surgel\u00e9 avec une teneur tr\u00e8s \u00e9lev\u00e9e en avocat frais, ainsi que diff\u00e9rentes lignes et saveurs, d\u00e9velopp\u00e9es en conventionnel et en biologique. Parmi ces derni\u00e8res, le Guacamole [&hellip;]<\/p>\n","protected":false},"author":1,"featured_media":250,"parent":0,"menu_order":0,"comment_status":"closed","ping_status":"closed","template":"","meta":{"footnotes":""},"class_list":["post-11","page","type-page","status-publish","has-post-thumbnail","hentry"],"yoast_head":"<!-- This site is optimized with the Yoast SEO plugin v23.4 - https:\/\/yoast.com\/wordpress\/plugins\/seo\/ -->\n<title>Con\u00f3cenos - Fabricaci\u00f3n de guacamole - Freshfy<\/title>\n<meta name=\"description\" content=\"En Freshfy hemos desarrollado l\u00ednea de fabricaci\u00f3n de guacamole congelado con un 95% de aguacate fresco, as\u00ed\u0301 como distintas l\u00edneas y sabores\" \/>\n<meta name=\"robots\" content=\"index, follow, max-snippet:-1, max-image-preview:large, max-video-preview:-1\" \/>\n<link rel=\"canonical\" href=\"https:\/\/freshfy.es\/conocenos\/\" \/>\n<meta property=\"og:locale\" content=\"fr_FR\" \/>\n<meta property=\"og:type\" content=\"article\" \/>\n<meta property=\"og:title\" content=\"Con\u00f3cenos - Fabricaci\u00f3n de guacamole - Freshfy\" \/>\n<meta property=\"og:description\" content=\"En Freshfy hemos desarrollado l\u00ednea de fabricaci\u00f3n de guacamole congelado con un 95% de aguacate fresco, as\u00ed\u0301 como distintas l\u00edneas y sabores\" \/>\n<meta property=\"og:url\" content=\"https:\/\/freshfy.es\/conocenos\/\" \/>\n<meta property=\"og:site_name\" content=\"Freshfy\" \/>\n<meta property=\"article:modified_time\" content=\"2024-07-29T11:47:42+00:00\" \/>\n<meta property=\"og:image\" content=\"https:\/\/freshfy.es\/wp-content\/uploads\/2023\/09\/freshby-img-nuestra-historia.webp\" \/>\n\t<meta property=\"og:image:width\" content=\"838\" \/>\n\t<meta property=\"og:image:height\" content=\"737\" \/>\n\t<meta property=\"og:image:type\" content=\"image\/webp\" \/>\n<meta name=\"twitter:card\" content=\"summary_large_image\" \/>\n<meta name=\"twitter:label1\" content=\"Dur\u00e9e de lecture estim\u00e9e\" \/>\n\t<meta name=\"twitter:data1\" content=\"3 minutes\" \/>\n<script type=\"application\/ld+json\" class=\"yoast-schema-graph\">{\"@context\":\"https:\/\/schema.org\",\"@graph\":[{\"@type\":\"WebPage\",\"@id\":\"https:\/\/freshfy.es\/conocenos\/\",\"url\":\"https:\/\/freshfy.es\/conocenos\/\",\"name\":\"Con\u00f3cenos - Fabricaci\u00f3n de guacamole - Freshfy\",\"isPartOf\":{\"@id\":\"https:\/\/freshfy.es\/#website\"},\"primaryImageOfPage\":{\"@id\":\"https:\/\/freshfy.es\/conocenos\/#primaryimage\"},\"image\":{\"@id\":\"https:\/\/freshfy.es\/conocenos\/#primaryimage\"},\"thumbnailUrl\":\"https:\/\/freshfy.es\/wp-content\/uploads\/2023\/09\/freshby-img-nuestra-historia.webp\",\"datePublished\":\"2023-09-17T02:59:15+00:00\",\"dateModified\":\"2024-07-29T11:47:42+00:00\",\"description\":\"En Freshfy hemos desarrollado l\u00ednea de fabricaci\u00f3n de guacamole congelado con un 95% de aguacate fresco, as\u00ed\u0301 como distintas l\u00edneas y sabores\",\"breadcrumb\":{\"@id\":\"https:\/\/freshfy.es\/conocenos\/#breadcrumb\"},\"inLanguage\":\"fr-FR\",\"potentialAction\":[{\"@type\":\"ReadAction\",\"target\":[\"https:\/\/freshfy.es\/conocenos\/\"]}]},{\"@type\":\"ImageObject\",\"inLanguage\":\"fr-FR\",\"@id\":\"https:\/\/freshfy.es\/conocenos\/#primaryimage\",\"url\":\"https:\/\/freshfy.es\/wp-content\/uploads\/2023\/09\/freshby-img-nuestra-historia.webp\",\"contentUrl\":\"https:\/\/freshfy.es\/wp-content\/uploads\/2023\/09\/freshby-img-nuestra-historia.webp\",\"width\":838,\"height\":737,\"caption\":\"fabricaci\u00f3n-de-guacamole\"},{\"@type\":\"BreadcrumbList\",\"@id\":\"https:\/\/freshfy.es\/conocenos\/#breadcrumb\",\"itemListElement\":[{\"@type\":\"ListItem\",\"position\":1,\"name\":\"Portada\",\"item\":\"https:\/\/freshfy.es\/\"},{\"@type\":\"ListItem\",\"position\":2,\"name\":\"CON\u00d3CENOS\"}]},{\"@type\":\"WebSite\",\"@id\":\"https:\/\/freshfy.es\/#website\",\"url\":\"https:\/\/freshfy.es\/\",\"name\":\"Freshfy\",\"description\":\"Guacamole de aguacates frescos\",\"potentialAction\":[{\"@type\":\"SearchAction\",\"target\":{\"@type\":\"EntryPoint\",\"urlTemplate\":\"https:\/\/freshfy.es\/?s={search_term_string}\"},\"query-input\":{\"@type\":\"PropertyValueSpecification\",\"valueRequired\":true,\"valueName\":\"search_term_string\"}}],\"inLanguage\":\"fr-FR\"}]}<\/script>\n<!-- \/ Yoast SEO plugin. -->","yoast_head_json":{"title":"Con\u00f3cenos - Fabricaci\u00f3n de guacamole - Freshfy","description":"En Freshfy hemos desarrollado l\u00ednea de fabricaci\u00f3n de guacamole congelado con un 95% de aguacate fresco, as\u00ed\u0301 como distintas l\u00edneas y sabores","robots":{"index":"index","follow":"follow","max-snippet":"max-snippet:-1","max-image-preview":"max-image-preview:large","max-video-preview":"max-video-preview:-1"},"canonical":"https:\/\/freshfy.es\/conocenos\/","og_locale":"fr_FR","og_type":"article","og_title":"Con\u00f3cenos - Fabricaci\u00f3n de guacamole - Freshfy","og_description":"En Freshfy hemos desarrollado l\u00ednea de fabricaci\u00f3n de guacamole congelado con un 95% de aguacate fresco, as\u00ed\u0301 como distintas l\u00edneas y sabores","og_url":"https:\/\/freshfy.es\/conocenos\/","og_site_name":"Freshfy","article_modified_time":"2024-07-29T11:47:42+00:00","og_image":[{"width":838,"height":737,"url":"https:\/\/freshfy.es\/wp-content\/uploads\/2023\/09\/freshby-img-nuestra-historia.webp","type":"image\/webp"}],"twitter_card":"summary_large_image","twitter_misc":{"Dur\u00e9e de lecture estim\u00e9e":"3 minutes"},"schema":{"@context":"https:\/\/schema.org","@graph":[{"@type":"WebPage","@id":"https:\/\/freshfy.es\/conocenos\/","url":"https:\/\/freshfy.es\/conocenos\/","name":"Con\u00f3cenos - Fabricaci\u00f3n de guacamole - Freshfy","isPartOf":{"@id":"https:\/\/freshfy.es\/#website"},"primaryImageOfPage":{"@id":"https:\/\/freshfy.es\/conocenos\/#primaryimage"},"image":{"@id":"https:\/\/freshfy.es\/conocenos\/#primaryimage"},"thumbnailUrl":"https:\/\/freshfy.es\/wp-content\/uploads\/2023\/09\/freshby-img-nuestra-historia.webp","datePublished":"2023-09-17T02:59:15+00:00","dateModified":"2024-07-29T11:47:42+00:00","description":"En Freshfy hemos desarrollado l\u00ednea de fabricaci\u00f3n de guacamole congelado con un 95% de aguacate fresco, as\u00ed\u0301 como distintas l\u00edneas y sabores","breadcrumb":{"@id":"https:\/\/freshfy.es\/conocenos\/#breadcrumb"},"inLanguage":"fr-FR","potentialAction":[{"@type":"ReadAction","target":["https:\/\/freshfy.es\/conocenos\/"]}]},{"@type":"ImageObject","inLanguage":"fr-FR","@id":"https:\/\/freshfy.es\/conocenos\/#primaryimage","url":"https:\/\/freshfy.es\/wp-content\/uploads\/2023\/09\/freshby-img-nuestra-historia.webp","contentUrl":"https:\/\/freshfy.es\/wp-content\/uploads\/2023\/09\/freshby-img-nuestra-historia.webp","width":838,"height":737,"caption":"fabricaci\u00f3n-de-guacamole"},{"@type":"BreadcrumbList","@id":"https:\/\/freshfy.es\/conocenos\/#breadcrumb","itemListElement":[{"@type":"ListItem","position":1,"name":"Portada","item":"https:\/\/freshfy.es\/"},{"@type":"ListItem","position":2,"name":"CON\u00d3CENOS"}]},{"@type":"WebSite","@id":"https:\/\/freshfy.es\/#website","url":"https:\/\/freshfy.es\/","name":"Freshfy","description":"Guacamole de aguacates frescos","potentialAction":[{"@type":"SearchAction","target":{"@type":"EntryPoint","urlTemplate":"https:\/\/freshfy.es\/?s={search_term_string}"},"query-input":{"@type":"PropertyValueSpecification","valueRequired":true,"valueName":"search_term_string"}}],"inLanguage":"fr-FR"}]}},"_links":{"self":[{"href":"https:\/\/freshfy.es\/fr\/wp-json\/wp\/v2\/pages\/11","targetHints":{"allow":["GET"]}}],"collection":[{"href":"https:\/\/freshfy.es\/fr\/wp-json\/wp\/v2\/pages"}],"about":[{"href":"https:\/\/freshfy.es\/fr\/wp-json\/wp\/v2\/types\/page"}],"author":[{"embeddable":true,"href":"https:\/\/freshfy.es\/fr\/wp-json\/wp\/v2\/users\/1"}],"replies":[{"embeddable":true,"href":"https:\/\/freshfy.es\/fr\/wp-json\/wp\/v2\/comments?post=11"}],"version-history":[{"count":4,"href":"https:\/\/freshfy.es\/fr\/wp-json\/wp\/v2\/pages\/11\/revisions"}],"predecessor-version":[{"id":996,"href":"https:\/\/freshfy.es\/fr\/wp-json\/wp\/v2\/pages\/11\/revisions\/996"}],"wp:featuredmedia":[{"embeddable":true,"href":"https:\/\/freshfy.es\/fr\/wp-json\/wp\/v2\/media\/250"}],"wp:attachment":[{"href":"https:\/\/freshfy.es\/fr\/wp-json\/wp\/v2\/media?parent=11"}],"curies":[{"name":"wp","href":"https:\/\/api.w.org\/{rel}","templated":true}]}}