{"id":17,"date":"2023-09-17T05:00:17","date_gmt":"2023-09-17T03:00:17","guid":{"rendered":"http:\/\/freshfy.es\/?page_id=17"},"modified":"2024-07-10T05:24:04","modified_gmt":"2024-07-10T03:24:04","slug":"contacto","status":"publish","type":"page","link":"https:\/\/freshfy.es\/en\/contact-us\/","title":{"rendered":"CONTACT US"},"content":{"rendered":"<section class=\"wpb-content-wrapper\"><p>[vc_row][vc_column][gsf_space desktop=&#8221;90&#8243; tablet=&#8221;70&#8243; tablet_portrait=&#8221;60&#8243; mobile_landscape=&#8221;50&#8243; mobile=&#8221;40&#8243;][\/vc_column][\/vc_row][vc_row][vc_column offset=&#8221;vc_col-md-7&#8243;][vc_column_text]<iframe loading=\"lazy\" style=\"border: 0;\" src=\"https:\/\/www.google.com\/maps\/embed?pb=!1m18!1m12!1m3!1d3193.1783745747102!2d-4.127733222813122!3d36.838203865554284!2m3!1f0!2f0!3f0!3m2!1i1024!2i768!4f13.1!3m3!1m2!1s0xd724152644b524f%3A0x28fd2658c10d9bda!2sAxarfruit!5e0!3m2!1ses!2spe!4v1695831096524!5m2!1ses!2spe\" width=\"100%\" height=\"510\" allowfullscreen=\"allowfullscreen\"><\/iframe>[\/vc_column_text][\/vc_column][vc_column offset=&#8221;vc_col-md-5&#8243;][gsf_space desktop=&#8221;0&#8243; tablet=&#8221;70&#8243; tablet_portrait=&#8221;60&#8243; mobile_landscape=&#8221;50&#8243; mobile=&#8221;40&#8243;][gsf_heading title_font_size=&#8221;36&#8243; icon_image=&#8221;36&#8243; el_class=&#8221;eHomeTit01&#8243; title=&#8221;We are located at&#8221; sub_title=&#8221;CONTACT US&#8221; description=&#8221;In Axarquia, in the province of Malaga, a location that is renowned for the production of tropical and exotic products.&#8221; css=&#8221;.vc_custom_1718965549391{margin-bottom: 55px !important;}&#8221;][vc_raw_html]JTNDZGl2JTIwY2xhc3MlM0QlMjJjb250YWN0LXVzLWluZm8lMjIlM0UlMEElMjAlMjAlMjAlMjAlM0NkaXYlMjBjbGFzcyUzRCUyMnJvdyUyMiUzRSUwQSUyMCUyMCUyMCUyMCUyMCUyMCUyMCUyMCUzQ2RpdiUyMGNsYXNzJTNEJTIyY29udGFjdC1pbmZvLWl0ZW0lMjBjb2wtc20tMTIlMjBtZy1ib3R0b20tNDAlMjIlM0UlMEElMjAlMjAlMjAlMjAlMjAlMjAlMjAlMjAlMjAlMjAlMjAlMjAlM0NpJTIwY2xhc3MlM0QlMjJmYSUyMGZhLW1hcC1tYXJrZXIlMjIlM0UlM0MlMkZpJTNFJTBBJTIwJTIwJTIwJTIwJTIwJTIwJTIwJTIwJTIwJTIwJTIwJTIwJTNDZGl2JTIwY2xhc3MlM0QlMjJjb250YWN0LWl0ZW0tY29udGVudCUyMiUzRSUwQSUyMCUyMCUyMCUyMCUyMCUyMCUyMCUyMCUyMCUyMCUyMCUyMCUyMCUyMCUyMCUyMCUzQ2g0JTNFQUREUkVTUyUzQyUyRmg0JTNFJTBBJTIwJTIwJTIwJTIwJTIwJTIwJTIwJTIwJTIwJTIwJTIwJTIwJTIwJTIwJTIwJTIwJTNDcCUyMGNsYXNzJTNEJTIyZnMtMTYlMjIlM0VQdWVudGUlMjBBbHRhJTJDJTIwcyUyRm4lMkMlMjBMYSUyMFZpJUMzJUIxdWVsYS4lMEElMjAlMjAlMjAlMjAlMjAlMjAlMjAlMjAlMjAlMjAlMjAlMjAlMjAlMjAlMjAlMjAlMjAlMjAlMjAlMjAlM0NiciUzRTI5NzEyJTJDJTIwTSVDMyVBMWxhZ2ElM0MlMkZwJTNFJTBBJTIwJTIwJTIwJTIwJTIwJTIwJTIwJTIwJTIwJTIwJTIwJTIwJTNDJTJGZGl2JTNFJTBBJTIwJTIwJTIwJTIwJTIwJTIwJTIwJTIwJTNDJTJGZGl2JTNFJTBBJTIwJTIwJTIwJTIwJTIwJTIwJTIwJTIwJTNDZGl2JTIwY2xhc3MlM0QlMjJjb250YWN0LWluZm8taXRlbSUyMGNvbC1zbS0xMiUyMG1nLWJvdHRvbS00MCUyMiUzRSUwQSUyMCUyMCUyMCUyMCUyMCUyMCUyMCUyMCUyMCUyMCUyMCUyMCUzQ2klMjBjbGFzcyUzRCUyMmZhJTIwZmEtcGhvbmUlMjIlM0UlM0MlMkZpJTNFJTBBJTIwJTIwJTIwJTIwJTIwJTIwJTIwJTIwJTIwJTIwJTIwJTIwJTNDZGl2JTIwY2xhc3MlM0QlMjJjb250YWN0LWl0ZW0tY29udGVudCUyMiUzRSUwQSUyMCUyMCUyMCUyMCUyMCUyMCUyMCUyMCUyMCUyMCUyMCUyMCUyMCUyMCUyMCUyMCUzQ2g0JTNFUEhPTkUlM0MlMkZoNCUzRSUwQSUyMCUyMCUyMCUyMCUyMCUyMCUyMCUyMCUyMCUyMCUyMCUyMCUyMCUyMCUyMCUyMCUzQ3AlMjBjbGFzcyUzRCUyMmZzLTE2JTIyJTNFJTJCMzQlMjA5NTIlMjA1NDklMjA1NjIlM0MlMkZwJTNFJTBBJTIwJTIwJTIwJTIwJTIwJTIwJTIwJTIwJTIwJTIwJTIwJTIwJTNDJTJGZGl2JTNFJTBBJTIwJTIwJTIwJTIwJTIwJTIwJTIwJTIwJTNDJTJGZGl2JTNFJTBBJTIwJTIwJTIwJTIwJTIwJTIwJTIwJTIwJTNDZGl2JTIwY2xhc3MlM0QlMjJjb250YWN0LWluZm8taXRlbSUyMGNvbC1zbS0xMiUyMG1nLWJvdHRvbS00MCUyMiUzRSUwQSUyMCUyMCUyMCUyMCUyMCUyMCUyMCUyMCUyMCUyMCUyMCUyMCUzQ2klMjBjbGFzcyUzRCUyMmZhJTIwZmEtZW52ZWxvcGUtbyUyMiUzRSUzQyUyRmklM0UlMEElMjAlMjAlMjAlMjAlMjAlMjAlMjAlMjAlMjAlMjAlMjAlMjAlM0NkaXYlMjBjbGFzcyUzRCUyMmNvbnRhY3QtaXRlbS1jb250ZW50JTIyJTNFJTBBJTIwJTIwJTIwJTIwJTIwJTIwJTIwJTIwJTIwJTIwJTIwJTIwJTIwJTIwJTIwJTIwJTNDaDQlM0VDT05UQUNUJTIwRU1BSUwlM0MlMkZoNCUzRSUwQSUyMCUyMCUyMCUyMCUyMCUyMCUyMCUyMCUyMCUyMCUyMCUyMCUyMCUyMCUyMCUyMCUzQ3AlMjBjbGFzcyUzRCUyMmZzLTE2JTIyJTNFJTBBJTIwJTIwJTIwJTIwJTIwJTIwJTIwJTIwJTIwJTIwJTIwJTIwJTIwJTIwJTIwJTIwJTIwJTIwJTIwJTIwJTNDYSUyMGhyZWYlM0QlMjJtYWlsdG8lM0FpbmZvJTQwYXhhcmZydWl0LmVzJTIyJTNFaW5mbyU0MGF4YXJmcnVpdC5lcyUzQyUyRmElM0UlMEElMjAlMjAlMjAlMjAlMjAlMjAlMjAlMjAlMjAlMjAlMjAlMjAlMjAlMjAlMjAlMjAlM0MlMkZwJTNFJTBBJTIwJTIwJTIwJTIwJTIwJTIwJTIwJTIwJTIwJTIwJTIwJTIwJTNDJTJGZGl2JTNFJTBBJTIwJTIwJTIwJTIwJTIwJTIwJTIwJTIwJTNDJTJGZGl2JTNFJTBBJTIwJTIwJTIwJTIwJTNDJTJGZGl2JTNFJTBBJTNDJTJGZGl2JTNF[\/vc_raw_html][\/vc_column][\/vc_row][vc_row css=&#8221;.vc_custom_1695338041362{background-image: url(http:\/\/freshfy.es\/wp-content\/uploads\/2023\/09\/freshby-bg-contacto.webp?id=296) !important;background-position: center !important;background-repeat: no-repeat !important;background-size: cover !important;}&#8221;][vc_column width=&#8221;2\/3&#8243; css=&#8221;.vc_custom_1501657659103{border-top-width: 1px !important;border-top-color: #e5e6ec !important;}&#8221; offset=&#8221;vc_col-sm-offset-2&#8243;][gsf_space desktop=&#8221;90&#8243; tablet=&#8221;70&#8243; tablet_portrait=&#8221;60&#8243; mobile_landscape=&#8221;50&#8243; mobile=&#8221;40&#8243;][gsf_heading text_align=&#8221;text-center&#8221; title_font_size=&#8221;36&#8243; icon_image=&#8221;36&#8243; el_class=&#8221;eHomeTit01&#8243; title=&#8221;Contact&#8221; sub_title=&#8221;FORM&#8221; css=&#8221;.vc_custom_1718965668939{margin-bottom: 55px !important;}&#8221; description=&#8221;If you have any questions or suggestions, you can contact us through the following communication channels. We look forward to hearing from you!&#8221;]\n<div class=\"wpcf7 no-js\" id=\"wpcf7-f8-o2\" lang=\"es-ES\" dir=\"ltr\">\n<div class=\"screen-reader-response\"><p role=\"status\" aria-live=\"polite\" aria-atomic=\"true\"><\/p> <ul><\/ul><\/div>\n<form action=\"\/en\/wp-json\/wp\/v2\/pages\/17#wpcf7-f8-o2\" method=\"post\" class=\"wpcf7-form init\" aria-label=\"Formulario de contacto\" novalidate=\"novalidate\" data-status=\"init\">\n<div style=\"display: none;\">\n<input type=\"hidden\" name=\"_wpcf7\" value=\"8\" \/>\n<input type=\"hidden\" name=\"_wpcf7_version\" value=\"5.9.8\" \/>\n<input type=\"hidden\" name=\"_wpcf7_locale\" value=\"es_ES\" \/>\n<input type=\"hidden\" name=\"_wpcf7_unit_tag\" value=\"wpcf7-f8-o2\" \/>\n<input type=\"hidden\" name=\"_wpcf7_container_post\" value=\"0\" \/>\n<input type=\"hidden\" name=\"_wpcf7_posted_data_hash\" value=\"\" \/>\n<\/div>\n<div class=\"g5plus-contact-form column-2 clearfix ebtn01\">\n\t<div class=\"row\">\n\t\t<div class=\"ct-field ct-name col-sm-6 pd-bottom-20\">\n\t\t\t<p><span class=\"wpcf7-form-control-wrap\" data-name=\"your-name\"><input size=\"40\" maxlength=\"400\" class=\"wpcf7-form-control wpcf7-text wpcf7-validates-as-required\" aria-required=\"true\" aria-invalid=\"false\" placeholder=\"Your name\" value=\"\" type=\"text\" name=\"your-name\" \/><\/span>\n\t\t\t<\/p>\n\t\t<\/div>\n\t\t<div class=\"ct-field ct-email col-sm-6 pd-bottom-20\">\n\t\t\t<p><span class=\"wpcf7-form-control-wrap\" data-name=\"your-email\"><input size=\"40\" maxlength=\"400\" class=\"wpcf7-form-control wpcf7-email wpcf7-validates-as-required wpcf7-text wpcf7-validates-as-email\" aria-required=\"true\" aria-invalid=\"false\" placeholder=\"Your email\" value=\"\" type=\"email\" name=\"your-email\" \/><\/span>\n\t\t\t<\/p>\n\t\t<\/div>\n\t\t<div class=\"ct-field ct-phone col-sm-6 pd-bottom-20\">\n\t\t\t<p><span class=\"wpcf7-form-control-wrap\" data-name=\"your-phone\"><input size=\"40\" maxlength=\"400\" class=\"wpcf7-form-control wpcf7-tel wpcf7-validates-as-required wpcf7-text wpcf7-validates-as-tel\" aria-required=\"true\" aria-invalid=\"false\" placeholder=\"Phone\" value=\"\" type=\"tel\" name=\"your-phone\" \/><\/span>\n\t\t\t<\/p>\n\t\t<\/div>\n\t\t<div class=\"ct-field ct-subject col-sm-6 pd-bottom-20\">\n\t\t\t<p><span class=\"wpcf7-form-control-wrap\" data-name=\"your-subject\"><input size=\"40\" maxlength=\"400\" class=\"wpcf7-form-control wpcf7-text wpcf7-validates-as-required\" aria-required=\"true\" aria-invalid=\"false\" placeholder=\"Subject\" value=\"\" type=\"text\" name=\"your-subject\" \/><\/span>\n\t\t\t<\/p>\n\t\t<\/div>\n\t\t<div class=\"ct-field ct-message col-sm-12 pd-bottom-20\">\n\t\t\t<p><span class=\"wpcf7-form-control-wrap\" data-name=\"your-message\"><textarea cols=\"40\" rows=\"10\" maxlength=\"2000\" class=\"wpcf7-form-control wpcf7-textarea wpcf7-validates-as-required\" aria-required=\"true\" aria-invalid=\"false\" placeholder=\"Message\" name=\"your-message\"><\/textarea><\/span>\n\t\t\t<\/p>\n\t\t<\/div>\n\t\t<div class=\"ct-field ct-submit col-sm-12\">\n\t\t\t<p><input class=\"wpcf7-form-control wpcf7-submit has-spinner btn btn-primary btn-sm\" type=\"submit\" value=\"SEND\" \/>\n\t\t\t<\/p>\n\t\t<\/div>\n\t<\/div>\n<\/div><input type='hidden' class='wpcf7-pum' value='{\"closepopup\":false,\"closedelay\":0,\"openpopup\":false,\"openpopup_id\":0}' \/><div class=\"wpcf7-response-output\" aria-hidden=\"true\"><\/div>\n<\/form>\n<\/div>\n[gsf_space desktop=&#8221;90&#8243; tablet=&#8221;70&#8243; tablet_portrait=&#8221;60&#8243; mobile_landscape=&#8221;50&#8243; mobile=&#8221;40&#8243;][\/vc_column][\/vc_row]<\/p>\n<\/section>","protected":false},"excerpt":{"rendered":"<p>[vc_row][vc_column][gsf_space desktop=&#8221;90&#8243; tablet=&#8221;70&#8243; tablet_portrait=&#8221;60&#8243; mobile_landscape=&#8221;50&#8243; mobile=&#8221;40&#8243;][\/vc_column][\/vc_row][vc_row][vc_column offset=&#8221;vc_col-md-7&#8243;][vc_column_text][\/vc_column_text][\/vc_column][vc_column offset=&#8221;vc_col-md-5&#8243;][gsf_space desktop=&#8221;0&#8243; tablet=&#8221;70&#8243; tablet_portrait=&#8221;60&#8243; mobile_landscape=&#8221;50&#8243; mobile=&#8221;40&#8243;][gsf_heading title_font_size=&#8221;36&#8243; icon_image=&#8221;36&#8243; el_class=&#8221;eHomeTit01&#8243; title=&#8221;We are located at&#8221; sub_title=&#8221;CONTACT US&#8221; description=&#8221;In Axarquia, in the province of Malaga, a location that is renowned for the production of tropical and exotic products.&#8221; css=&#8221;.vc_custom_1718965549391{margin-bottom: 55px !important;}&#8221;][vc_raw_html]JTNDZGl2JTIwY2xhc3MlM0QlMjJjb250YWN0LXVzLWluZm8lMjIlM0UlMEElMjAlMjAlMjAlMjAlM0NkaXYlMjBjbGFzcyUzRCUyMnJvdyUyMiUzRSUwQSUyMCUyMCUyMCUyMCUyMCUyMCUyMCUyMCUzQ2RpdiUyMGNsYXNzJTNEJTIyY29udGFjdC1pbmZvLWl0ZW0lMjBjb2wtc20tMTIlMjBtZy1ib3R0b20tNDAlMjIlM0UlMEElMjAlMjAlMjAlMjAlMjAlMjAlMjAlMjAlMjAlMjAlMjAlMjAlM0NpJTIwY2xhc3MlM0QlMjJmYSUyMGZhLW1hcC1tYXJrZXIlMjIlM0UlM0MlMkZpJTNFJTBBJTIwJTIwJTIwJTIwJTIwJTIwJTIwJTIwJTIwJTIwJTIwJTIwJTNDZGl2JTIwY2xhc3MlM0QlMjJjb250YWN0LWl0ZW0tY29udGVudCUyMiUzRSUwQSUyMCUyMCUyMCUyMCUyMCUyMCUyMCUyMCUyMCUyMCUyMCUyMCUyMCUyMCUyMCUyMCUzQ2g0JTNFQUREUkVTUyUzQyUyRmg0JTNFJTBBJTIwJTIwJTIwJTIwJTIwJTIwJTIwJTIwJTIwJTIwJTIwJTIwJTIwJTIwJTIwJTIwJTNDcCUyMGNsYXNzJTNEJTIyZnMtMTYlMjIlM0VQdWVudGUlMjBBbHRhJTJDJTIwcyUyRm4lMkMlMjBMYSUyMFZpJUMzJUIxdWVsYS4lMEElMjAlMjAlMjAlMjAlMjAlMjAlMjAlMjAlMjAlMjAlMjAlMjAlMjAlMjAlMjAlMjAlMjAlMjAlMjAlMjAlM0NiciUzRTI5NzEyJTJDJTIwTSVDMyVBMWxhZ2ElM0MlMkZwJTNFJTBBJTIwJTIwJTIwJTIwJTIwJTIwJTIwJTIwJTIwJTIwJTIwJTIwJTNDJTJGZGl2JTNFJTBBJTIwJTIwJTIwJTIwJTIwJTIwJTIwJTIwJTNDJTJGZGl2JTNFJTBBJTIwJTIwJTIwJTIwJTIwJTIwJTIwJTIwJTNDZGl2JTIwY2xhc3MlM0QlMjJjb250YWN0LWluZm8taXRlbSUyMGNvbC1zbS0xMiUyMG1nLWJvdHRvbS00MCUyMiUzRSUwQSUyMCUyMCUyMCUyMCUyMCUyMCUyMCUyMCUyMCUyMCUyMCUyMCUzQ2klMjBjbGFzcyUzRCUyMmZhJTIwZmEtcGhvbmUlMjIlM0UlM0MlMkZpJTNFJTBBJTIwJTIwJTIwJTIwJTIwJTIwJTIwJTIwJTIwJTIwJTIwJTIwJTNDZGl2JTIwY2xhc3MlM0QlMjJjb250YWN0LWl0ZW0tY29udGVudCUyMiUzRSUwQSUyMCUyMCUyMCUyMCUyMCUyMCUyMCUyMCUyMCUyMCUyMCUyMCUyMCUyMCUyMCUyMCUzQ2g0JTNFUEhPTkUlM0MlMkZoNCUzRSUwQSUyMCUyMCUyMCUyMCUyMCUyMCUyMCUyMCUyMCUyMCUyMCUyMCUyMCUyMCUyMCUyMCUzQ3AlMjBjbGFzcyUzRCUyMmZzLTE2JTIyJTNFJTJCMzQlMjA5NTIlMjA1NDklMjA1NjIlM0MlMkZwJTNFJTBBJTIwJTIwJTIwJTIwJTIwJTIwJTIwJTIwJTIwJTIwJTIwJTIwJTNDJTJGZGl2JTNFJTBBJTIwJTIwJTIwJTIwJTIwJTIwJTIwJTIwJTNDJTJGZGl2JTNFJTBBJTIwJTIwJTIwJTIwJTIwJTIwJTIwJTIwJTNDZGl2JTIwY2xhc3MlM0QlMjJjb250YWN0LWluZm8taXRlbSUyMGNvbC1zbS0xMiUyMG1nLWJvdHRvbS00MCUyMiUzRSUwQSUyMCUyMCUyMCUyMCUyMCUyMCUyMCUyMCUyMCUyMCUyMCUyMCUzQ2klMjBjbGFzcyUzRCUyMmZhJTIwZmEtZW52ZWxvcGUtbyUyMiUzRSUzQyUyRmklM0UlMEElMjAlMjAlMjAlMjAlMjAlMjAlMjAlMjAlMjAlMjAlMjAlMjAlM0NkaXYlMjBjbGFzcyUzRCUyMmNvbnRhY3QtaXRlbS1jb250ZW50JTIyJTNFJTBBJTIwJTIwJTIwJTIwJTIwJTIwJTIwJTIwJTIwJTIwJTIwJTIwJTIwJTIwJTIwJTIwJTNDaDQlM0VDT05UQUNUJTIwRU1BSUwlM0MlMkZoNCUzRSUwQSUyMCUyMCUyMCUyMCUyMCUyMCUyMCUyMCUyMCUyMCUyMCUyMCUyMCUyMCUyMCUyMCUzQ3AlMjBjbGFzcyUzRCUyMmZzLTE2JTIyJTNFJTBBJTIwJTIwJTIwJTIwJTIwJTIwJTIwJTIwJTIwJTIwJTIwJTIwJTIwJTIwJTIwJTIwJTIwJTIwJTIwJTIwJTNDYSUyMGhyZWYlM0QlMjJtYWlsdG8lM0FpbmZvJTQwYXhhcmZydWl0LmVzJTIyJTNFaW5mbyU0MGF4YXJmcnVpdC5lcyUzQyUyRmElM0UlMEElMjAlMjAlMjAlMjAlMjAlMjAlMjAlMjAlMjAlMjAlMjAlMjAlMjAlMjAlMjAlMjAlM0MlMkZwJTNFJTBBJTIwJTIwJTIwJTIwJTIwJTIwJTIwJTIwJTIwJTIwJTIwJTIwJTNDJTJGZGl2JTNFJTBBJTIwJTIwJTIwJTIwJTIwJTIwJTIwJTIwJTNDJTJGZGl2JTNFJTBBJTIwJTIwJTIwJTIwJTNDJTJGZGl2JTNFJTBBJTNDJTJGZGl2JTNF[\/vc_raw_html][\/vc_column][\/vc_row][vc_row css=&#8221;.vc_custom_1695338041362{background-image: url(http:\/\/freshfy.es\/wp-content\/uploads\/2023\/09\/freshby-bg-contacto.webp?id=296) !important;background-position: center !important;background-repeat: no-repeat !important;background-size: cover !important;}&#8221;][vc_column width=&#8221;2\/3&#8243; [&hellip;]<\/p>\n","protected":false},"author":1,"featured_media":519,"parent":0,"menu_order":0,"comment_status":"closed","ping_status":"closed","template":"","meta":{"footnotes":""},"class_list":["post-17","page","type-page","status-publish","has-post-thumbnail","hentry"],"yoast_head":"<!-- This site is optimized with the Yoast SEO plugin v23.4 - https:\/\/yoast.com\/wordpress\/plugins\/seo\/ -->\n<title>Contacto - Freshfy<\/title>\n<meta name=\"description\" content=\"Contacto con Freshfy. Nos encontramos en Axarqu\u00eda, M\u00e1laga, una ubicaci\u00f3n que se destaca por la producci\u00f3n de productos tropicales y ex\u00f3ticos.\" \/>\n<meta name=\"robots\" content=\"index, follow, max-snippet:-1, max-image-preview:large, max-video-preview:-1\" \/>\n<link rel=\"canonical\" href=\"https:\/\/freshfy.es\/contacto\/\" \/>\n<meta property=\"og:locale\" content=\"en_US\" \/>\n<meta property=\"og:type\" content=\"article\" \/>\n<meta property=\"og:title\" content=\"Contacto - Freshfy\" \/>\n<meta property=\"og:description\" content=\"Contacto con Freshfy. Nos encontramos en Axarqu\u00eda, M\u00e1laga, una ubicaci\u00f3n que se destaca por la producci\u00f3n de productos tropicales y ex\u00f3ticos.\" \/>\n<meta property=\"og:url\" content=\"https:\/\/freshfy.es\/contacto\/\" \/>\n<meta property=\"og:site_name\" content=\"Freshfy\" \/>\n<meta property=\"article:modified_time\" content=\"2024-07-10T03:24:04+00:00\" \/>\n<meta property=\"og:image\" content=\"https:\/\/freshfy.es\/wp-content\/uploads\/2023\/09\/axarfruit-empresa-hortofruticola-aguacates-mangos-malaga-equipo.jpeg\" \/>\n\t<meta property=\"og:image:width\" content=\"1200\" \/>\n\t<meta property=\"og:image:height\" content=\"819\" \/>\n\t<meta property=\"og:image:type\" content=\"image\/jpeg\" \/>\n<meta name=\"twitter:card\" content=\"summary_large_image\" \/>\n<meta name=\"twitter:label1\" content=\"Est. reading time\" \/>\n\t<meta name=\"twitter:data1\" content=\"2 minutes\" \/>\n<script type=\"application\/ld+json\" class=\"yoast-schema-graph\">{\"@context\":\"https:\/\/schema.org\",\"@graph\":[{\"@type\":\"WebPage\",\"@id\":\"https:\/\/freshfy.es\/contacto\/\",\"url\":\"https:\/\/freshfy.es\/contacto\/\",\"name\":\"Contacto - Freshfy\",\"isPartOf\":{\"@id\":\"https:\/\/freshfy.es\/#website\"},\"primaryImageOfPage\":{\"@id\":\"https:\/\/freshfy.es\/contacto\/#primaryimage\"},\"image\":{\"@id\":\"https:\/\/freshfy.es\/contacto\/#primaryimage\"},\"thumbnailUrl\":\"https:\/\/freshfy.es\/wp-content\/uploads\/2023\/09\/axarfruit-empresa-hortofruticola-aguacates-mangos-malaga-equipo.jpeg\",\"datePublished\":\"2023-09-17T03:00:17+00:00\",\"dateModified\":\"2024-07-10T03:24:04+00:00\",\"description\":\"Contacto con Freshfy. Nos encontramos en Axarqu\u00eda, M\u00e1laga, una ubicaci\u00f3n que se destaca por la producci\u00f3n de productos tropicales y ex\u00f3ticos.\",\"breadcrumb\":{\"@id\":\"https:\/\/freshfy.es\/contacto\/#breadcrumb\"},\"inLanguage\":\"en-US\",\"potentialAction\":[{\"@type\":\"ReadAction\",\"target\":[\"https:\/\/freshfy.es\/contacto\/\"]}]},{\"@type\":\"ImageObject\",\"inLanguage\":\"en-US\",\"@id\":\"https:\/\/freshfy.es\/contacto\/#primaryimage\",\"url\":\"https:\/\/freshfy.es\/wp-content\/uploads\/2023\/09\/axarfruit-empresa-hortofruticola-aguacates-mangos-malaga-equipo.jpeg\",\"contentUrl\":\"https:\/\/freshfy.es\/wp-content\/uploads\/2023\/09\/axarfruit-empresa-hortofruticola-aguacates-mangos-malaga-equipo.jpeg\",\"width\":1200,\"height\":819,\"caption\":\"contacto\"},{\"@type\":\"BreadcrumbList\",\"@id\":\"https:\/\/freshfy.es\/contacto\/#breadcrumb\",\"itemListElement\":[{\"@type\":\"ListItem\",\"position\":1,\"name\":\"Portada\",\"item\":\"https:\/\/freshfy.es\/\"},{\"@type\":\"ListItem\",\"position\":2,\"name\":\"CONTACTO\"}]},{\"@type\":\"WebSite\",\"@id\":\"https:\/\/freshfy.es\/#website\",\"url\":\"https:\/\/freshfy.es\/\",\"name\":\"Freshfy\",\"description\":\"Guacamole de aguacates frescos\",\"potentialAction\":[{\"@type\":\"SearchAction\",\"target\":{\"@type\":\"EntryPoint\",\"urlTemplate\":\"https:\/\/freshfy.es\/?s={search_term_string}\"},\"query-input\":{\"@type\":\"PropertyValueSpecification\",\"valueRequired\":true,\"valueName\":\"search_term_string\"}}],\"inLanguage\":\"en-US\"}]}<\/script>\n<!-- \/ Yoast SEO plugin. -->","yoast_head_json":{"title":"Contacto - Freshfy","description":"Contacto con Freshfy. Nos encontramos en Axarqu\u00eda, M\u00e1laga, una ubicaci\u00f3n que se destaca por la producci\u00f3n de productos tropicales y ex\u00f3ticos.","robots":{"index":"index","follow":"follow","max-snippet":"max-snippet:-1","max-image-preview":"max-image-preview:large","max-video-preview":"max-video-preview:-1"},"canonical":"https:\/\/freshfy.es\/contacto\/","og_locale":"en_US","og_type":"article","og_title":"Contacto - Freshfy","og_description":"Contacto con Freshfy. Nos encontramos en Axarqu\u00eda, M\u00e1laga, una ubicaci\u00f3n que se destaca por la producci\u00f3n de productos tropicales y ex\u00f3ticos.","og_url":"https:\/\/freshfy.es\/contacto\/","og_site_name":"Freshfy","article_modified_time":"2024-07-10T03:24:04+00:00","og_image":[{"width":1200,"height":819,"url":"https:\/\/freshfy.es\/wp-content\/uploads\/2023\/09\/axarfruit-empresa-hortofruticola-aguacates-mangos-malaga-equipo.jpeg","type":"image\/jpeg"}],"twitter_card":"summary_large_image","twitter_misc":{"Est. reading time":"2 minutes"},"schema":{"@context":"https:\/\/schema.org","@graph":[{"@type":"WebPage","@id":"https:\/\/freshfy.es\/contacto\/","url":"https:\/\/freshfy.es\/contacto\/","name":"Contacto - Freshfy","isPartOf":{"@id":"https:\/\/freshfy.es\/#website"},"primaryImageOfPage":{"@id":"https:\/\/freshfy.es\/contacto\/#primaryimage"},"image":{"@id":"https:\/\/freshfy.es\/contacto\/#primaryimage"},"thumbnailUrl":"https:\/\/freshfy.es\/wp-content\/uploads\/2023\/09\/axarfruit-empresa-hortofruticola-aguacates-mangos-malaga-equipo.jpeg","datePublished":"2023-09-17T03:00:17+00:00","dateModified":"2024-07-10T03:24:04+00:00","description":"Contacto con Freshfy. Nos encontramos en Axarqu\u00eda, M\u00e1laga, una ubicaci\u00f3n que se destaca por la producci\u00f3n de productos tropicales y ex\u00f3ticos.","breadcrumb":{"@id":"https:\/\/freshfy.es\/contacto\/#breadcrumb"},"inLanguage":"en-US","potentialAction":[{"@type":"ReadAction","target":["https:\/\/freshfy.es\/contacto\/"]}]},{"@type":"ImageObject","inLanguage":"en-US","@id":"https:\/\/freshfy.es\/contacto\/#primaryimage","url":"https:\/\/freshfy.es\/wp-content\/uploads\/2023\/09\/axarfruit-empresa-hortofruticola-aguacates-mangos-malaga-equipo.jpeg","contentUrl":"https:\/\/freshfy.es\/wp-content\/uploads\/2023\/09\/axarfruit-empresa-hortofruticola-aguacates-mangos-malaga-equipo.jpeg","width":1200,"height":819,"caption":"contacto"},{"@type":"BreadcrumbList","@id":"https:\/\/freshfy.es\/contacto\/#breadcrumb","itemListElement":[{"@type":"ListItem","position":1,"name":"Portada","item":"https:\/\/freshfy.es\/"},{"@type":"ListItem","position":2,"name":"CONTACTO"}]},{"@type":"WebSite","@id":"https:\/\/freshfy.es\/#website","url":"https:\/\/freshfy.es\/","name":"Freshfy","description":"Guacamole de aguacates frescos","potentialAction":[{"@type":"SearchAction","target":{"@type":"EntryPoint","urlTemplate":"https:\/\/freshfy.es\/?s={search_term_string}"},"query-input":{"@type":"PropertyValueSpecification","valueRequired":true,"valueName":"search_term_string"}}],"inLanguage":"en-US"}]}},"_links":{"self":[{"href":"https:\/\/freshfy.es\/en\/wp-json\/wp\/v2\/pages\/17","targetHints":{"allow":["GET"]}}],"collection":[{"href":"https:\/\/freshfy.es\/en\/wp-json\/wp\/v2\/pages"}],"about":[{"href":"https:\/\/freshfy.es\/en\/wp-json\/wp\/v2\/types\/page"}],"author":[{"embeddable":true,"href":"https:\/\/freshfy.es\/en\/wp-json\/wp\/v2\/users\/1"}],"replies":[{"embeddable":true,"href":"https:\/\/freshfy.es\/en\/wp-json\/wp\/v2\/comments?post=17"}],"version-history":[{"count":4,"href":"https:\/\/freshfy.es\/en\/wp-json\/wp\/v2\/pages\/17\/revisions"}],"predecessor-version":[{"id":871,"href":"https:\/\/freshfy.es\/en\/wp-json\/wp\/v2\/pages\/17\/revisions\/871"}],"wp:featuredmedia":[{"embeddable":true,"href":"https:\/\/freshfy.es\/en\/wp-json\/wp\/v2\/media\/519"}],"wp:attachment":[{"href":"https:\/\/freshfy.es\/en\/wp-json\/wp\/v2\/media?parent=17"}],"curies":[{"name":"wp","href":"https:\/\/api.w.org\/{rel}","templated":true}]}}