{"id":11,"date":"2023-09-17T04:59:15","date_gmt":"2023-09-17T02:59:15","guid":{"rendered":"http:\/\/freshfy.es\/?page_id=11"},"modified":"2024-07-29T13:47:42","modified_gmt":"2024-07-29T11:47:42","slug":"conocenos","status":"publish","type":"page","link":"https:\/\/freshfy.es\/en\/know-us\/","title":{"rendered":"KNOW US"},"content":{"rendered":"<section class=\"wpb-content-wrapper\"><p>[vc_row][vc_column el_class=&#8221;pd-top-95,pd-bottom-85&#8243;][vc_single_image image=&#8221;24&#8243; img_size=&#8221;full&#8221; alignment=&#8221;center&#8221;][gsf_heading text_align=&#8221;text-center&#8221; title_font_size=&#8221;36&#8243; icon_image=&#8221;36&#8243; css_animation=&#8221;left-to-right&#8221; el_class=&#8221;mg-bottom-55,eHomeTit01&#8243; css=&#8221;.vc_custom_1695255899356{margin-bottom: 20px !important;}&#8221;][vc_column_text css=&#8221;.vc_custom_1720009571744{margin-right: 100px !important;margin-left: 100px !important;}&#8221; responsive=&#8221;vc_hidden-sm vc_hidden-xs&#8221;]<\/p>\n<p style=\"text-align: center;\">At <strong>Freshfy<\/strong>, we have developed a production line for frozen guacamole with a very high percentage of fresh avocado, as well as different lines and flavours, both conventional and organic. They include: <strong>Spicy Guacamole, Mild Guacamole, Dip&#8217;s Spreadables and our new Avocheese with goat cheese<\/strong>.<\/p>\n<p>[\/vc_column_text][vc_column_text responsive=&#8221;vc_hidden-lg vc_hidden-md&#8221;]<\/p>\n<p style=\"text-align: center;\">At <strong>Freshfy<\/strong>, we have developed a production line for frozen guacamole with a very high percentage of fresh avocado, as well as different lines and flavours, both conventional and organic. They include: <strong>Spicy Guacamole, Mild Guacamole, Dip&#8217;s Spreadables and our new Avocheese with goat cheese<\/strong>.<\/p>\n<p>[\/vc_column_text][vc_row_inner equal_height=&#8221;yes&#8221; content_placement=&#8221;middle&#8221;][vc_column_inner width=&#8221;1\/3&#8243;][gsf_icon_box title=&#8221;FRESH&#8221; title_below=&#8221;&#8221; description=&#8221;Our guacamoles are made with a very high percentage of fresh avocado.&#8221; icon_image=&#8221;34&#8243; css_animation=&#8221;bottom-to-top&#8221; animation_duration=&#8221;3.25s&#8221; el_class=&#8221;eWorkSansTxtGrish4&#8243;][\/vc_column_inner][vc_column_inner width=&#8221;1\/3&#8243;][gsf_icon_box title=&#8221;HEALTHY&#8221; title_below=&#8221;&#8221; description=&#8221;The fruit in guacamole provides many health benefits; it is low in saturated fats and a very healthy food for our cholesterol.&#8221; icon_image=&#8221;45&#8243; css_animation=&#8221;bottom-to-top&#8221; animation_duration=&#8221;2.5s&#8221; el_class=&#8221;eWorkSansTxtGrish4&#8243;][\/vc_column_inner][vc_column_inner width=&#8221;1\/3&#8243;][gsf_icon_box title=&#8221;NATURAL&#8221; title_below=&#8221;&#8221; description=&#8221;Our avocados, both conventionally and organically grown, are the exceptional raw material that creates our variety of guacamoles.&#8221; icon_image=&#8221;35&#8243; css_animation=&#8221;bottom-to-top&#8221; animation_duration=&#8221;1s&#8221; el_class=&#8221;eWorkSansTxtGrish4&#8243;][\/vc_column_inner][\/vc_row_inner][\/vc_column][\/vc_row][vc_row equal_height=&#8221;yes&#8221; content_placement=&#8221;bottom&#8221; el_class=&#8221;pd-top-85,pd-bottom-95&#8243; css=&#8221;.vc_custom_1695166871990{background: #f5fcf9 url(http:\/\/freshfy.es\/wp-content\/uploads\/2023\/09\/freshby-bg-ingredientes-scaled.webp?id=73) !important;background-position: center !important;background-repeat: no-repeat !important;background-size: cover !important;}&#8221;][vc_column el_class=&#8221;col-md-push-7,sm-mg-bottom-30&#8243; css_animation=&#8221;right-to-left&#8221; offset=&#8221;vc_col-md-5&#8243;][gsf_heading title_font_size=&#8221;36&#8243; icon_image=&#8221;36&#8243; el_class=&#8221;eHomeIngredientes&#8221; title=&#8221;Our History&#8221; sub_title=&#8221;The brand&#8221; description=&#8221;Freshfy is a brand belonging to the food company, AF Group, located in Axarquia, in the province of Malaga (Spain).&#8221; css=&#8221;.vc_custom_1718963450724{margin-bottom: 58px !important;}&#8221;][gsf_icon_box layout_style=&#8221;ib-left-middle&#8221; title=&#8221;AF GROUP&#8221; title_size=&#8221;title-small&#8221; title_below=&#8221;&#8221; description=&#8221;We belong to the AF Group, which includes different companies specialising in subtropical products, especially avocado and mango.&#8221; icon_image=&#8221;525&#8243; image_width=&#8221;69px&#8221; el_class=&#8221;eTxtBlanco,eTxtLS&#8221; css=&#8221;.vc_custom_1718963632437{margin-bottom: 30px !important;}&#8221;][gsf_icon_box layout_style=&#8221;ib-left-middle&#8221; title=&#8221;TRACK RECORD&#8221; title_size=&#8221;title-small&#8221; title_below=&#8221;&#8221; description=&#8221;We offer the assurances of a business group with a solid track record spanning more than 30 years in the sector.&#8221; icon_image=&#8221;525&#8243; image_width=&#8221;69px&#8221; el_class=&#8221;eTxtBlanco,eTxtLS&#8221; css=&#8221;.vc_custom_1718963847566{margin-bottom: 30px !important;}&#8221;][gsf_icon_box layout_style=&#8221;ib-left-middle&#8221; title=&#8221;OBJECTIVE&#8221; title_size=&#8221;title-small&#8221; title_below=&#8221;&#8221; description=&#8221;Our purpose is the preparation, manufacture and packaging of guacamole sauces, using the avocados that we produce and market ourselves.&#8221; icon_image=&#8221;525&#8243; image_width=&#8221;69px&#8221; el_class=&#8221;eTxtBlanco,eTxtLS&#8221; css=&#8221;.vc_custom_1718963621851{margin-bottom: 30px !important;}&#8221;][gsf_icon_box layout_style=&#8221;ib-left-middle&#8221; title=&#8221;PRODUCTION&#8221; title_size=&#8221;title-small&#8221; title_below=&#8221;&#8221; description=&#8221;Our purpose is the preparation, manufacture and packaging of guacamole sauces, using the avocados that we produce and market ourselves.&#8221; icon_image=&#8221;525&#8243; image_width=&#8221;69px&#8221; el_class=&#8221;eTxtBlanco,eTxtLS&#8221; css=&#8221;.vc_custom_1718963585906{margin-bottom: 30px !important;}&#8221;][\/vc_column][vc_column el_class=&#8221;col-md-pull-5&#8243; css_animation=&#8221;left-to-right&#8221; offset=&#8221;vc_col-md-7&#8243;][vc_single_image image=&#8221;250&#8243; img_size=&#8221;full&#8221; alignment=&#8221;center&#8221; css=&#8221;.vc_custom_1718878701849{margin-bottom: 0px !important;}&#8221; el_class=&#8221;xl-mg-left-neg-190&#8243;][\/vc_column][\/vc_row][vc_row][vc_column el_class=&#8221;pd-top-95,pd-bottom-85&#8243;][gsf_heading text_align=&#8221;text-center&#8221; title_font_size=&#8221;36&#8243; icon_image=&#8221;36&#8243; css_animation=&#8221;left-to-right&#8221; el_class=&#8221;mg-bottom-55,eHomeTit01&#8243; css=&#8221;.vc_custom_1718963658022{margin-bottom: 20px !important;}&#8221; title=&#8221;Meet the Team&#8221; sub_title=&#8221;PERSONAS&#8221;][vc_column_text css=&#8221;.vc_custom_1720009748386{margin-right: 100px !important;margin-left: 100px !important;}&#8221; responsive=&#8221;vc_hidden-sm vc_hidden-xs&#8221;]<\/p>\n<p style=\"text-align: center;\">Thanks to our human team, at <strong>Freshfy<\/strong> we manage to bring the quality of our products to millions of homes. From <strong>Axarqu\u00eda<\/strong> to the world. Now, meet the people who make it possible&#8230;<\/p>\n<p>[\/vc_column_text][vc_column_text responsive=&#8221;vc_hidden-lg vc_hidden-md&#8221;]<\/p>\n<p style=\"text-align: center;\">Thanks to our human team, at <strong>Freshfy<\/strong> we manage to bring the quality of our products to millions of homes. From <strong>Axarqu\u00eda<\/strong> to the world. Now, meet the people who make it possible&#8230;<\/p>\n<p>[\/vc_column_text][vc_row_inner][vc_column_inner width=&#8221;1\/4&#8243;][gsf_our_team ourteam_avatar=&#8221;679&#8243; ourteam_position=&#8221;Cargo en la empresa&#8221; socials=&#8221;%5B%7B%7D%5D&#8221; ourteam_name=&#8221;Vicente Mart\u00ednez&#8221;][\/vc_column_inner][vc_column_inner width=&#8221;1\/4&#8243;][gsf_our_team ourteam_avatar=&#8221;676&#8243; ourteam_position=&#8221;Cargo en la empresa&#8221; socials=&#8221;%5B%7B%7D%5D&#8221; ourteam_name=&#8221;\u00c1lvaro Mart\u00ednez&#8221;][\/vc_column_inner][vc_column_inner width=&#8221;1\/4&#8243;][gsf_our_team ourteam_avatar=&#8221;677&#8243; ourteam_position=&#8221;Cargo en la empresa&#8221; socials=&#8221;%5B%7B%7D%5D&#8221; ourteam_name=&#8221;Melisa frencheli&#8221;][\/vc_column_inner][vc_column_inner width=&#8221;1\/4&#8243;][gsf_our_team ourteam_position=&#8221;Cargo en la empresa&#8221; socials=&#8221;%5B%7B%7D%5D&#8221; ourteam_name=&#8221;Mario Blanes&#8221;][\/vc_column_inner][\/vc_row_inner][\/vc_column][\/vc_row][vc_row css=&#8221;.vc_custom_1695179166726{background-image: url(http:\/\/freshfy.es\/wp-content\/uploads\/2023\/09\/freshby-bg-home-seleccionamos-scaled.webp?id=169) !important;background-position: center !important;background-repeat: no-repeat !important;background-size: cover !important;}&#8221;][vc_column][gsf_space desktop=&#8221;180&#8243; tablet=&#8221;150&#8243; tablet_portrait=&#8221;140&#8243; mobile_landscape=&#8221;130&#8243; mobile=&#8221;120&#8243;][vc_row_inner equal_height=&#8221;yes&#8221; content_placement=&#8221;middle&#8221;][vc_column_inner el_class=&#8221;sm-mg-bottom-40&#8243; offset=&#8221;vc_col-md-6&#8243;][gsf_heading title_font_size=&#8221;36&#8243; icon_image=&#8221;171&#8243; css_animation=&#8221;left-to-right&#8221; el_class=&#8221;eHomeTit01&#8243; title=&#8221;Our offices&#8221; sub_title=&#8221;FACILITIES&#8221; description=&#8221;In our facilities in Axarquia, in the province of Malaga, we process the fruit that we produce and sell ourselves, following the strictest quality controls required by our markets.&#8221; css=&#8221;.vc_custom_1718963863115{margin-bottom: 55px !important;}&#8221;][\/vc_column_inner][vc_column_inner offset=&#8221;vc_col-md-6&#8243;][gsf_gallery category=&#8221;instalaciones&#8221; cate_filter_align=&#8221;cate-filter-center&#8221; gallery_image_size=&#8221;570&#215;420&#8243; gallery_per_page=&#8221;1&#8243; gallery_paging=&#8221;pagination-ajax&#8221; gallery_animation=&#8221;none&#8221; columns=&#8221;1&#8243; columns_md=&#8221;1&#8243; columns_sm=&#8221;1&#8243; columns_xs=&#8221;1&#8243; el_class=&#8221;eGallery&#8221;][\/vc_column_inner][\/vc_row_inner][gsf_space desktop=&#8221;180&#8243; tablet=&#8221;150&#8243; tablet_portrait=&#8221;140&#8243; mobile_landscape=&#8221;130&#8243; mobile=&#8221;120&#8243;][\/vc_column][\/vc_row]<\/p>\n<\/section>","protected":false},"excerpt":{"rendered":"<p>[vc_row][vc_column el_class=&#8221;pd-top-95,pd-bottom-85&#8243;][vc_single_image image=&#8221;24&#8243; img_size=&#8221;full&#8221; alignment=&#8221;center&#8221;][gsf_heading text_align=&#8221;text-center&#8221; title_font_size=&#8221;36&#8243; icon_image=&#8221;36&#8243; css_animation=&#8221;left-to-right&#8221; el_class=&#8221;mg-bottom-55,eHomeTit01&#8243; css=&#8221;.vc_custom_1695255899356{margin-bottom: 20px !important;}&#8221;][vc_column_text css=&#8221;.vc_custom_1720009571744{margin-right: 100px !important;margin-left: 100px !important;}&#8221; responsive=&#8221;vc_hidden-sm vc_hidden-xs&#8221;] At Freshfy, we have developed a production line for frozen guacamole with a very high percentage of fresh avocado, as well as different lines and flavours, both conventional and organic. They include: Spicy Guacamole, Mild [&hellip;]<\/p>\n","protected":false},"author":1,"featured_media":250,"parent":0,"menu_order":0,"comment_status":"closed","ping_status":"closed","template":"","meta":{"footnotes":""},"class_list":["post-11","page","type-page","status-publish","has-post-thumbnail","hentry"],"yoast_head":"<!-- This site is optimized with the Yoast SEO plugin v23.4 - https:\/\/yoast.com\/wordpress\/plugins\/seo\/ -->\n<title>Con\u00f3cenos - Fabricaci\u00f3n de guacamole - Freshfy<\/title>\n<meta name=\"description\" content=\"En Freshfy hemos desarrollado l\u00ednea de fabricaci\u00f3n de guacamole congelado con un 95% de aguacate fresco, as\u00ed\u0301 como distintas l\u00edneas y sabores\" \/>\n<meta name=\"robots\" content=\"index, follow, max-snippet:-1, max-image-preview:large, max-video-preview:-1\" \/>\n<link rel=\"canonical\" href=\"https:\/\/freshfy.es\/conocenos\/\" \/>\n<meta property=\"og:locale\" content=\"en_US\" \/>\n<meta property=\"og:type\" content=\"article\" \/>\n<meta property=\"og:title\" content=\"Con\u00f3cenos - Fabricaci\u00f3n de guacamole - Freshfy\" \/>\n<meta property=\"og:description\" content=\"En Freshfy hemos desarrollado l\u00ednea de fabricaci\u00f3n de guacamole congelado con un 95% de aguacate fresco, as\u00ed\u0301 como distintas l\u00edneas y sabores\" \/>\n<meta property=\"og:url\" content=\"https:\/\/freshfy.es\/conocenos\/\" \/>\n<meta property=\"og:site_name\" content=\"Freshfy\" \/>\n<meta property=\"article:modified_time\" content=\"2024-07-29T11:47:42+00:00\" \/>\n<meta property=\"og:image\" content=\"https:\/\/freshfy.es\/wp-content\/uploads\/2023\/09\/freshby-img-nuestra-historia.webp\" \/>\n\t<meta property=\"og:image:width\" content=\"838\" \/>\n\t<meta property=\"og:image:height\" content=\"737\" \/>\n\t<meta property=\"og:image:type\" content=\"image\/webp\" \/>\n<meta name=\"twitter:card\" content=\"summary_large_image\" \/>\n<meta name=\"twitter:label1\" content=\"Est. reading time\" \/>\n\t<meta name=\"twitter:data1\" content=\"3 minutes\" \/>\n<script type=\"application\/ld+json\" class=\"yoast-schema-graph\">{\"@context\":\"https:\/\/schema.org\",\"@graph\":[{\"@type\":\"WebPage\",\"@id\":\"https:\/\/freshfy.es\/conocenos\/\",\"url\":\"https:\/\/freshfy.es\/conocenos\/\",\"name\":\"Con\u00f3cenos - Fabricaci\u00f3n de guacamole - Freshfy\",\"isPartOf\":{\"@id\":\"https:\/\/freshfy.es\/#website\"},\"primaryImageOfPage\":{\"@id\":\"https:\/\/freshfy.es\/conocenos\/#primaryimage\"},\"image\":{\"@id\":\"https:\/\/freshfy.es\/conocenos\/#primaryimage\"},\"thumbnailUrl\":\"https:\/\/freshfy.es\/wp-content\/uploads\/2023\/09\/freshby-img-nuestra-historia.webp\",\"datePublished\":\"2023-09-17T02:59:15+00:00\",\"dateModified\":\"2024-07-29T11:47:42+00:00\",\"description\":\"En Freshfy hemos desarrollado l\u00ednea de fabricaci\u00f3n de guacamole congelado con un 95% de aguacate fresco, as\u00ed\u0301 como distintas l\u00edneas y sabores\",\"breadcrumb\":{\"@id\":\"https:\/\/freshfy.es\/conocenos\/#breadcrumb\"},\"inLanguage\":\"en-US\",\"potentialAction\":[{\"@type\":\"ReadAction\",\"target\":[\"https:\/\/freshfy.es\/conocenos\/\"]}]},{\"@type\":\"ImageObject\",\"inLanguage\":\"en-US\",\"@id\":\"https:\/\/freshfy.es\/conocenos\/#primaryimage\",\"url\":\"https:\/\/freshfy.es\/wp-content\/uploads\/2023\/09\/freshby-img-nuestra-historia.webp\",\"contentUrl\":\"https:\/\/freshfy.es\/wp-content\/uploads\/2023\/09\/freshby-img-nuestra-historia.webp\",\"width\":838,\"height\":737,\"caption\":\"fabricaci\u00f3n-de-guacamole\"},{\"@type\":\"BreadcrumbList\",\"@id\":\"https:\/\/freshfy.es\/conocenos\/#breadcrumb\",\"itemListElement\":[{\"@type\":\"ListItem\",\"position\":1,\"name\":\"Portada\",\"item\":\"https:\/\/freshfy.es\/\"},{\"@type\":\"ListItem\",\"position\":2,\"name\":\"CON\u00d3CENOS\"}]},{\"@type\":\"WebSite\",\"@id\":\"https:\/\/freshfy.es\/#website\",\"url\":\"https:\/\/freshfy.es\/\",\"name\":\"Freshfy\",\"description\":\"Guacamole de aguacates frescos\",\"potentialAction\":[{\"@type\":\"SearchAction\",\"target\":{\"@type\":\"EntryPoint\",\"urlTemplate\":\"https:\/\/freshfy.es\/?s={search_term_string}\"},\"query-input\":{\"@type\":\"PropertyValueSpecification\",\"valueRequired\":true,\"valueName\":\"search_term_string\"}}],\"inLanguage\":\"en-US\"}]}<\/script>\n<!-- \/ Yoast SEO plugin. -->","yoast_head_json":{"title":"Con\u00f3cenos - Fabricaci\u00f3n de guacamole - Freshfy","description":"En Freshfy hemos desarrollado l\u00ednea de fabricaci\u00f3n de guacamole congelado con un 95% de aguacate fresco, as\u00ed\u0301 como distintas l\u00edneas y sabores","robots":{"index":"index","follow":"follow","max-snippet":"max-snippet:-1","max-image-preview":"max-image-preview:large","max-video-preview":"max-video-preview:-1"},"canonical":"https:\/\/freshfy.es\/conocenos\/","og_locale":"en_US","og_type":"article","og_title":"Con\u00f3cenos - Fabricaci\u00f3n de guacamole - Freshfy","og_description":"En Freshfy hemos desarrollado l\u00ednea de fabricaci\u00f3n de guacamole congelado con un 95% de aguacate fresco, as\u00ed\u0301 como distintas l\u00edneas y sabores","og_url":"https:\/\/freshfy.es\/conocenos\/","og_site_name":"Freshfy","article_modified_time":"2024-07-29T11:47:42+00:00","og_image":[{"width":838,"height":737,"url":"https:\/\/freshfy.es\/wp-content\/uploads\/2023\/09\/freshby-img-nuestra-historia.webp","type":"image\/webp"}],"twitter_card":"summary_large_image","twitter_misc":{"Est. reading time":"3 minutes"},"schema":{"@context":"https:\/\/schema.org","@graph":[{"@type":"WebPage","@id":"https:\/\/freshfy.es\/conocenos\/","url":"https:\/\/freshfy.es\/conocenos\/","name":"Con\u00f3cenos - Fabricaci\u00f3n de guacamole - Freshfy","isPartOf":{"@id":"https:\/\/freshfy.es\/#website"},"primaryImageOfPage":{"@id":"https:\/\/freshfy.es\/conocenos\/#primaryimage"},"image":{"@id":"https:\/\/freshfy.es\/conocenos\/#primaryimage"},"thumbnailUrl":"https:\/\/freshfy.es\/wp-content\/uploads\/2023\/09\/freshby-img-nuestra-historia.webp","datePublished":"2023-09-17T02:59:15+00:00","dateModified":"2024-07-29T11:47:42+00:00","description":"En Freshfy hemos desarrollado l\u00ednea de fabricaci\u00f3n de guacamole congelado con un 95% de aguacate fresco, as\u00ed\u0301 como distintas l\u00edneas y sabores","breadcrumb":{"@id":"https:\/\/freshfy.es\/conocenos\/#breadcrumb"},"inLanguage":"en-US","potentialAction":[{"@type":"ReadAction","target":["https:\/\/freshfy.es\/conocenos\/"]}]},{"@type":"ImageObject","inLanguage":"en-US","@id":"https:\/\/freshfy.es\/conocenos\/#primaryimage","url":"https:\/\/freshfy.es\/wp-content\/uploads\/2023\/09\/freshby-img-nuestra-historia.webp","contentUrl":"https:\/\/freshfy.es\/wp-content\/uploads\/2023\/09\/freshby-img-nuestra-historia.webp","width":838,"height":737,"caption":"fabricaci\u00f3n-de-guacamole"},{"@type":"BreadcrumbList","@id":"https:\/\/freshfy.es\/conocenos\/#breadcrumb","itemListElement":[{"@type":"ListItem","position":1,"name":"Portada","item":"https:\/\/freshfy.es\/"},{"@type":"ListItem","position":2,"name":"CON\u00d3CENOS"}]},{"@type":"WebSite","@id":"https:\/\/freshfy.es\/#website","url":"https:\/\/freshfy.es\/","name":"Freshfy","description":"Guacamole de aguacates frescos","potentialAction":[{"@type":"SearchAction","target":{"@type":"EntryPoint","urlTemplate":"https:\/\/freshfy.es\/?s={search_term_string}"},"query-input":{"@type":"PropertyValueSpecification","valueRequired":true,"valueName":"search_term_string"}}],"inLanguage":"en-US"}]}},"_links":{"self":[{"href":"https:\/\/freshfy.es\/en\/wp-json\/wp\/v2\/pages\/11","targetHints":{"allow":["GET"]}}],"collection":[{"href":"https:\/\/freshfy.es\/en\/wp-json\/wp\/v2\/pages"}],"about":[{"href":"https:\/\/freshfy.es\/en\/wp-json\/wp\/v2\/types\/page"}],"author":[{"embeddable":true,"href":"https:\/\/freshfy.es\/en\/wp-json\/wp\/v2\/users\/1"}],"replies":[{"embeddable":true,"href":"https:\/\/freshfy.es\/en\/wp-json\/wp\/v2\/comments?post=11"}],"version-history":[{"count":4,"href":"https:\/\/freshfy.es\/en\/wp-json\/wp\/v2\/pages\/11\/revisions"}],"predecessor-version":[{"id":996,"href":"https:\/\/freshfy.es\/en\/wp-json\/wp\/v2\/pages\/11\/revisions\/996"}],"wp:featuredmedia":[{"embeddable":true,"href":"https:\/\/freshfy.es\/en\/wp-json\/wp\/v2\/media\/250"}],"wp:attachment":[{"href":"https:\/\/freshfy.es\/en\/wp-json\/wp\/v2\/media?parent=11"}],"curies":[{"name":"wp","href":"https:\/\/api.w.org\/{rel}","templated":true}]}}